{"id":801,"date":"2021-04-01T09:45:44","date_gmt":"2021-04-01T09:45:44","guid":{"rendered":"https:\/\/fardatxetajoies.com\/?page_id=801"},"modified":"2026-01-31T22:55:12","modified_gmt":"2026-01-31T22:55:12","slug":"contact","status":"publish","type":"page","link":"https:\/\/fardatxetajoies.com\/en\/contact\/","title":{"rendered":"WHERE TO FIND ME"},"content":{"rendered":"<p>[et_pb_section fb_built=&#8221;1&#8243; admin_label=&#8221;Hero Section&#8221; _builder_version=&#8221;4.9.2&#8243; background_color=&#8221;RGBA(0,0,0,0)&#8221; background_image=&#8221;https:\/\/fardatxetajoies.com\/wp-content\/uploads\/2021\/03\/CONTACTO-1.jpg&#8221; custom_margin=&#8221;|||&#8221; custom_padding=&#8221;16%||20%|&#8221;][et_pb_row _builder_version=&#8221;4.9.1&#8243; background_color=&#8221;RGBA(0,0,0,0)&#8221; background_size=&#8221;initial&#8221; background_position=&#8221;top_left&#8221; background_repeat=&#8221;repeat&#8221;][et_pb_column type=&#8221;4_4&#8243; _builder_version=&#8221;3.25&#8243; custom_padding=&#8221;|||&#8221; custom_padding__hover=&#8221;|||&#8221;][\/et_pb_column][\/et_pb_row][\/et_pb_section][et_pb_section fb_built=&#8221;1&#8243; admin_label=&#8221;Featured Collections Section&#8221; _builder_version=&#8221;3.22&#8243; custom_padding=&#8221;120px||0px|||&#8221;][et_pb_row _builder_version=&#8221;3.25&#8243;][et_pb_column type=&#8221;4_4&#8243; _builder_version=&#8221;3.25&#8243; custom_padding=&#8221;|||&#8221; custom_padding__hover=&#8221;|||&#8221;][et_pb_text admin_label=&#8221;Title&#8221; _builder_version=&#8221;4.9.1&#8243; text_font=&#8221;Simplifica||||||||&#8221; header_font=&#8221;||||||||&#8221; header_2_font=&#8221;Quattrocento||||||||&#8221; header_2_font_size=&#8221;60px&#8221; header_2_line_height=&#8221;1.3em&#8221; text_orientation=&#8221;center&#8221; custom_margin=&#8221;||10px|&#8221; animation_style=&#8221;fade&#8221; animation_direction=&#8221;left&#8221; animation_starting_opacity=&#8221;100%&#8221; header_2_font_size_tablet=&#8221;40px&#8221; header_2_font_size_phone=&#8221;&#8221; header_2_font_size_last_edited=&#8221;on|tablet&#8221;]<\/p>\n<h1 style=\"text-align: left;\">WHERE TO FIND ME<\/h1>\n<p>[\/et_pb_text][et_pb_text admin_label=&#8221;Title&#8221; _builder_version=&#8221;4.9.2&#8243; text_font=&#8221;||||||||&#8221; text_font_size=&#8221;18px&#8221; header_font=&#8221;||||||||&#8221; header_2_font=&#8221;Quattrocento||||||||&#8221; header_2_font_size=&#8221;60px&#8221; header_2_line_height=&#8221;1.3em&#8221; text_orientation=&#8221;center&#8221; custom_margin=&#8221;||10px||false|false&#8221; animation_style=&#8221;fade&#8221; animation_direction=&#8221;left&#8221; animation_starting_opacity=&#8221;100%&#8221; header_2_font_size_tablet=&#8221;40px&#8221; header_2_font_size_phone=&#8221;&#8221; header_2_font_size_last_edited=&#8221;on|tablet&#8221;]<\/p>\n<p style=\"text-align: left;\"><strong>HAR\u00cdA ARTISAN MARKET |<\/strong> Saturdays from 10 AM to 2 PM<\/p>\n<p style=\"text-align: left;\"><strong>TEGUISE MARKET |<\/strong> Artisan Zone. Next to the large Mareta tent. Sundays from 10 AM to 2 PM.<\/p>\n<p>[\/et_pb_text][et_pb_text admin_label=&#8221;Title&#8221; _builder_version=&#8221;4.9.2&#8243; text_font=&#8221;||||||||&#8221; text_font_size=&#8221;18px&#8221; header_font=&#8221;||||||||&#8221; header_2_font=&#8221;Quattrocento||||||||&#8221; header_2_font_size=&#8221;60px&#8221; header_2_line_height=&#8221;1.3em&#8221; custom_margin=&#8221;-25px||25px||false|false&#8221; animation_style=&#8221;fade&#8221; animation_direction=&#8221;left&#8221; animation_starting_opacity=&#8221;100%&#8221; header_2_font_size_tablet=&#8221;40px&#8221; header_2_font_size_phone=&#8221;&#8221; header_2_font_size_last_edited=&#8221;on|tablet&#8221;]<\/p>\n<p>Check my Instagram account or send me an email using the form below for more information.<\/p>\n<p>[\/et_pb_text][et_pb_button button_text=&#8221;MY STORE&#8221; button_alignment=&#8221;left&#8221; _builder_version=&#8221;4.9.2&#8243; custom_button=&#8221;on&#8221; button_text_size=&#8221;14px&#8221; button_text_color=&#8221;#FFFFFF&#8221; button_bg_color=&#8221;#3d5120&#8243; button_border_width=&#8221;12px&#8221; button_border_color=&#8221;#3d5120&#8243; button_border_radius=&#8221;0px&#8221; button_letter_spacing=&#8221;4px&#8221; button_font=&#8221;Nunito Sans|700||on|||||&#8221; button_icon=&#8221;%%3%%&#8221; background_layout=&#8221;dark&#8221; custom_margin=&#8221;|||&#8221; animation_style=&#8221;slide&#8221; animation_direction=&#8221;top&#8221; animation_intensity_slide=&#8221;3%&#8221; animation_starting_opacity=&#8221;100%&#8221; hover_enabled=&#8221;0&#8243; locked=&#8221;off&#8221; button_text_size__hover_enabled=&#8221;off&#8221; button_one_text_size__hover_enabled=&#8221;off&#8221; button_two_text_size__hover_enabled=&#8221;off&#8221; button_text_color__hover_enabled=&#8221;off&#8221; button_one_text_color__hover_enabled=&#8221;off&#8221; button_two_text_color__hover_enabled=&#8221;off&#8221; button_border_width__hover_enabled=&#8221;off&#8221; button_one_border_width__hover_enabled=&#8221;off&#8221; button_two_border_width__hover_enabled=&#8221;off&#8221; button_border_color__hover_enabled=&#8221;off&#8221; button_one_border_color__hover_enabled=&#8221;off&#8221; button_two_border_color__hover_enabled=&#8221;off&#8221; button_border_radius__hover_enabled=&#8221;off&#8221; button_one_border_radius__hover_enabled=&#8221;off&#8221; button_two_border_radius__hover_enabled=&#8221;off&#8221; button_letter_spacing__hover_enabled=&#8221;off&#8221; button_one_letter_spacing__hover_enabled=&#8221;off&#8221; button_two_letter_spacing__hover_enabled=&#8221;off&#8221; button_bg_color__hover_enabled=&#8221;off&#8221; button_one_bg_color__hover_enabled=&#8221;off&#8221; button_two_bg_color__hover_enabled=&#8221;off&#8221; button_url=&#8221;https:\/\/fardatxetajoies.com\/tienda\/&#8221; sticky_enabled=&#8221;0&#8243;][\/et_pb_button][\/et_pb_column][\/et_pb_row][\/et_pb_section][et_pb_section fb_built=&#8221;1&#8243; _builder_version=&#8221;4.9.1&#8243; _module_preset=&#8221;default&#8221;][et_pb_row column_structure=&#8221;2_3,1_3&#8243; _builder_version=&#8221;4.9.1&#8243; _module_preset=&#8221;default&#8221;][et_pb_column type=&#8221;2_3&#8243; _builder_version=&#8221;4.9.1&#8243; _module_preset=&#8221;default&#8221;][et_pb_contact_form email=&#8221;fardatxetajoies@gmail.com &#8221; success_message=&#8221;Thanks for your message! I will answer you as soon as possible. &#8221; submit_button_text=&#8221;SEND&#8221; _builder_version=&#8221;4.9.1&#8243; _module_preset=&#8221;default&#8221; captcha_font=&#8221;Gotham Light||||||||&#8221; form_field_text_align=&#8221;left&#8221; custom_button=&#8221;on&#8221; button_text_size=&#8221;16px&#8221; button_font=&#8221;Gotham Light|700|||||||&#8221; text_orientation=&#8221;left&#8221; module_alignment=&#8221;left&#8221;][et_pb_contact_field field_id=&#8221;Nombre&#8221; field_title=&#8221;What&apos;s your name?&#8221; _builder_version=&#8221;4.9.1&#8243; button_text_size__hover_enabled=&#8221;off&#8221; button_one_text_size__hover_enabled=&#8221;off&#8221; button_two_text_size__hover_enabled=&#8221;off&#8221; button_text_color__hover_enabled=&#8221;off&#8221; button_one_text_color__hover_enabled=&#8221;off&#8221; button_two_text_color__hover_enabled=&#8221;off&#8221; button_border_width__hover_enabled=&#8221;off&#8221; button_one_border_width__hover_enabled=&#8221;off&#8221; button_two_border_width__hover_enabled=&#8221;off&#8221; button_border_color__hover_enabled=&#8221;off&#8221; button_one_border_color__hover_enabled=&#8221;off&#8221; button_two_border_color__hover_enabled=&#8221;off&#8221; button_border_radius__hover_enabled=&#8221;off&#8221; button_one_border_radius__hover_enabled=&#8221;off&#8221; button_two_border_radius__hover_enabled=&#8221;off&#8221; button_letter_spacing__hover_enabled=&#8221;off&#8221; button_one_letter_spacing__hover_enabled=&#8221;off&#8221; button_two_letter_spacing__hover_enabled=&#8221;off&#8221; button_bg_color__hover_enabled=&#8221;off&#8221; button_one_bg_color__hover_enabled=&#8221;off&#8221; button_two_bg_color__hover_enabled=&#8221;off&#8221;][\/et_pb_contact_field][et_pb_contact_field field_id=&#8221;Email&#8221; field_title=&#8221;What&apos;s your email?&#8221; field_type=&#8221;email&#8221; _builder_version=&#8221;4.9.1&#8243; button_text_size__hover_enabled=&#8221;off&#8221; button_one_text_size__hover_enabled=&#8221;off&#8221; button_two_text_size__hover_enabled=&#8221;off&#8221; button_text_color__hover_enabled=&#8221;off&#8221; button_one_text_color__hover_enabled=&#8221;off&#8221; button_two_text_color__hover_enabled=&#8221;off&#8221; button_border_width__hover_enabled=&#8221;off&#8221; button_one_border_width__hover_enabled=&#8221;off&#8221; button_two_border_width__hover_enabled=&#8221;off&#8221; button_border_color__hover_enabled=&#8221;off&#8221; button_one_border_color__hover_enabled=&#8221;off&#8221; button_two_border_color__hover_enabled=&#8221;off&#8221; button_border_radius__hover_enabled=&#8221;off&#8221; button_one_border_radius__hover_enabled=&#8221;off&#8221; button_two_border_radius__hover_enabled=&#8221;off&#8221; button_letter_spacing__hover_enabled=&#8221;off&#8221; button_one_letter_spacing__hover_enabled=&#8221;off&#8221; button_two_letter_spacing__hover_enabled=&#8221;off&#8221; button_bg_color__hover_enabled=&#8221;off&#8221; button_one_bg_color__hover_enabled=&#8221;off&#8221; button_two_bg_color__hover_enabled=&#8221;off&#8221;][\/et_pb_contact_field][et_pb_contact_field field_id=&#8221;Message&#8221; field_title=&#8221;How can I help you?&#8221; field_type=&#8221;text&#8221; fullwidth_field=&#8221;on&#8221; _builder_version=&#8221;4.9.1&#8243; button_text_size__hover_enabled=&#8221;off&#8221; button_one_text_size__hover_enabled=&#8221;off&#8221; button_two_text_size__hover_enabled=&#8221;off&#8221; button_text_color__hover_enabled=&#8221;off&#8221; button_one_text_color__hover_enabled=&#8221;off&#8221; button_two_text_color__hover_enabled=&#8221;off&#8221; button_border_width__hover_enabled=&#8221;off&#8221; button_one_border_width__hover_enabled=&#8221;off&#8221; button_two_border_width__hover_enabled=&#8221;off&#8221; button_border_color__hover_enabled=&#8221;off&#8221; button_one_border_color__hover_enabled=&#8221;off&#8221; button_two_border_color__hover_enabled=&#8221;off&#8221; button_border_radius__hover_enabled=&#8221;off&#8221; button_one_border_radius__hover_enabled=&#8221;off&#8221; button_two_border_radius__hover_enabled=&#8221;off&#8221; button_letter_spacing__hover_enabled=&#8221;off&#8221; button_one_letter_spacing__hover_enabled=&#8221;off&#8221; button_two_letter_spacing__hover_enabled=&#8221;off&#8221; button_bg_color__hover_enabled=&#8221;off&#8221; button_one_bg_color__hover_enabled=&#8221;off&#8221; button_two_bg_color__hover_enabled=&#8221;off&#8221;][\/et_pb_contact_field][\/et_pb_contact_form][\/et_pb_column][et_pb_column type=&#8221;1_3&#8243; _builder_version=&#8221;4.9.1&#8243; _module_preset=&#8221;default&#8221;][et_pb_text _builder_version=&#8221;4.9.2&#8243; _module_preset=&#8221;default&#8221; text_orientation=&#8221;right&#8221;]<\/p>\n<p><strong>Any questions? I will be happy to answer you.<\/strong><\/p>\n<p>Complete this form or contact me on Instagram:<br \/>\n<a href=\"http:\/\/instagram.com\/fardatxeta_joies\">@fardatxeta_joies<\/a><\/p>\n<p>[\/et_pb_text][\/et_pb_column][\/et_pb_row][\/et_pb_section]<\/p>\n","protected":false},"excerpt":{"rendered":"<p>WHERE TO FIND ME HAR\u00cdA ARTISAN MARKET | Saturdays from 10 AM to 2 PM TEGUISE MARKET | Artisan Zone. Next to the large Mareta tent. Sundays from 10 AM to 2 PM. Check my Instagram account or send me an email using the form below for more information. Any questions? I will be happy [&hellip;]<\/p>\n","protected":false},"author":1,"featured_media":0,"parent":0,"menu_order":0,"comment_status":"closed","ping_status":"closed","template":"","meta":{"_et_pb_use_builder":"on","_et_pb_old_content":"[et_pb_section fb_built=\"1\" admin_label=\"Hero Section\" _builder_version=\"4.9.2\" background_color=\"RGBA(0,0,0,0)\" background_image=\"https:\/\/fardatxetajoies.com\/wp-content\/uploads\/2021\/03\/CONTACTO-1.jpg\" custom_margin=\"|||\" custom_padding=\"16%||20%|\"][et_pb_row _builder_version=\"4.9.1\" background_color=\"RGBA(0,0,0,0)\" background_size=\"initial\" background_position=\"top_left\" background_repeat=\"repeat\"][et_pb_column type=\"4_4\" _builder_version=\"3.25\" custom_padding=\"|||\" custom_padding__hover=\"|||\"][\/et_pb_column][\/et_pb_row][\/et_pb_section][et_pb_section fb_built=\"1\" admin_label=\"Featured Collections Section\" _builder_version=\"3.22\" custom_padding=\"120px||0px|||\"][et_pb_row _builder_version=\"3.25\"][et_pb_column type=\"4_4\" _builder_version=\"3.25\" custom_padding=\"|||\" custom_padding__hover=\"|||\"][et_pb_text admin_label=\"Title\" _builder_version=\"4.9.1\" text_font=\"Simplifica||||||||\" header_font=\"||||||||\" header_2_font=\"Quattrocento||||||||\" header_2_font_size=\"60px\" header_2_line_height=\"1.3em\" text_orientation=\"center\" custom_margin=\"||10px|\" animation_style=\"fade\" animation_direction=\"left\" animation_starting_opacity=\"100%\" header_2_font_size_tablet=\"40px\" header_2_font_size_phone=\"\" header_2_font_size_last_edited=\"on|tablet\"]\n<h1 style=\"text-align: left;\">D\u00d3NDE ENCONTRARME<\/h1>\n[\/et_pb_text][et_pb_text admin_label=\"Title\" _builder_version=\"4.9.2\" text_font=\"||||||||\" text_font_size=\"18px\" header_font=\"||||||||\" header_2_font=\"Quattrocento||||||||\" header_2_font_size=\"60px\" header_2_line_height=\"1.3em\" text_orientation=\"center\" custom_margin=\"||10px||false|false\" animation_style=\"fade\" animation_direction=\"left\" animation_starting_opacity=\"100%\" hover_enabled=\"0\" header_2_font_size_tablet=\"40px\" header_2_font_size_phone=\"\" header_2_font_size_last_edited=\"on|tablet\" sticky_enabled=\"0\"]\n<p style=\"text-align: left;\"><strong>MERCADO ARTESANAL HAR\u00cdA |<\/strong> S\u00e1bados de 10 a 14h.<\/p>\n<p style=\"text-align: left;\"><strong>MERCADILLO DE LA VILLA DE TEGUISE |<\/strong> Calle Rayo (la conocida Calle de los artesanos) Domingos de 9 a 14h.<\/p>\n<span>&nbsp;<\/span>\n\n[\/et_pb_text][et_pb_text admin_label=\"Title\" _builder_version=\"4.9.2\" text_font=\"||||||||\" text_font_size=\"18px\" header_font=\"||||||||\" header_2_font=\"Quattrocento||||||||\" header_2_font_size=\"60px\" header_2_line_height=\"1.3em\" custom_margin=\"-25px||25px||false|false\" animation_style=\"fade\" animation_direction=\"left\" animation_starting_opacity=\"100%\" hover_enabled=\"0\" header_2_font_size_tablet=\"40px\" header_2_font_size_phone=\"\" header_2_font_size_last_edited=\"on|tablet\" sticky_enabled=\"0\"]\n\nDebido a la actual situaci\u00f3n sanitaria, por el momento, s\u00f3lo estoy participando en el mercado artesanal de Har\u00eda y \u00e9ste tambi\u00e9n podr\u00eda verse afectado.\nConsulta mi cuenta de Instagram o env\u00edame un email usando el formulario a continuaci\u00f3n para m\u00e1s informaci\u00f3n.\n\n[\/et_pb_text][et_pb_button button_text=\"MI TIENDA\" button_alignment=\"left\" _builder_version=\"4.9.1\" custom_button=\"on\" button_text_size=\"14px\" button_text_color=\"#FFFFFF\" button_bg_color=\"#3d5120\" button_border_width=\"12px\" button_border_color=\"#3d5120\" button_border_radius=\"0px\" button_letter_spacing=\"4px\" button_font=\"Nunito Sans|700||on|||||\" button_icon=\"%%3%%\" background_layout=\"dark\" custom_margin=\"|||\" animation_style=\"slide\" animation_direction=\"top\" animation_intensity_slide=\"3%\" animation_starting_opacity=\"100%\" locked=\"off\" button_text_size__hover_enabled=\"off\" button_one_text_size__hover_enabled=\"off\" button_two_text_size__hover_enabled=\"off\" button_text_color__hover_enabled=\"off\" button_one_text_color__hover_enabled=\"off\" button_two_text_color__hover_enabled=\"off\" button_border_width__hover_enabled=\"off\" button_one_border_width__hover_enabled=\"off\" button_two_border_width__hover_enabled=\"off\" button_border_color__hover_enabled=\"off\" button_one_border_color__hover_enabled=\"off\" button_two_border_color__hover_enabled=\"off\" button_border_radius__hover_enabled=\"off\" button_one_border_radius__hover_enabled=\"off\" button_two_border_radius__hover_enabled=\"off\" button_letter_spacing__hover_enabled=\"off\" button_one_letter_spacing__hover_enabled=\"off\" button_two_letter_spacing__hover_enabled=\"off\" button_bg_color__hover_enabled=\"off\" button_one_bg_color__hover_enabled=\"off\" button_two_bg_color__hover_enabled=\"off\"][\/et_pb_button][\/et_pb_column][\/et_pb_row][\/et_pb_section][et_pb_section fb_built=\"1\" _builder_version=\"4.9.1\" _module_preset=\"default\"][et_pb_row column_structure=\"2_3,1_3\" _builder_version=\"4.9.1\" _module_preset=\"default\"][et_pb_column type=\"2_3\" _builder_version=\"4.9.1\" _module_preset=\"default\"][et_pb_contact_form email=\"fardatxetajoies@gmail.com \" success_message=\"\u00a1Gracias por tu mensaje! Te responder\u00e9 cuanto antes. \" submit_button_text=\"ENVIAR\" _builder_version=\"4.9.1\" _module_preset=\"default\" captcha_font=\"Gotham Light||||||||\" form_field_text_align=\"left\" custom_button=\"on\" button_text_size=\"16px\" button_font=\"Gotham Light|700|||||||\" text_orientation=\"left\" module_alignment=\"left\"][et_pb_contact_field field_id=\"Nombre\" field_title=\"\u00bfC\u00f3mo te llamas?\" _builder_version=\"4.9.1\" button_text_size__hover_enabled=\"off\" button_one_text_size__hover_enabled=\"off\" button_two_text_size__hover_enabled=\"off\" button_text_color__hover_enabled=\"off\" button_one_text_color__hover_enabled=\"off\" button_two_text_color__hover_enabled=\"off\" button_border_width__hover_enabled=\"off\" button_one_border_width__hover_enabled=\"off\" button_two_border_width__hover_enabled=\"off\" button_border_color__hover_enabled=\"off\" button_one_border_color__hover_enabled=\"off\" button_two_border_color__hover_enabled=\"off\" button_border_radius__hover_enabled=\"off\" button_one_border_radius__hover_enabled=\"off\" button_two_border_radius__hover_enabled=\"off\" button_letter_spacing__hover_enabled=\"off\" button_one_letter_spacing__hover_enabled=\"off\" button_two_letter_spacing__hover_enabled=\"off\" button_bg_color__hover_enabled=\"off\" button_one_bg_color__hover_enabled=\"off\" button_two_bg_color__hover_enabled=\"off\"][\/et_pb_contact_field][et_pb_contact_field field_id=\"Email\" field_title=\"\u00bfCu\u00e1l es tu correo electr\u00f3nico?\" field_type=\"email\" _builder_version=\"4.9.1\" button_text_size__hover_enabled=\"off\" button_one_text_size__hover_enabled=\"off\" button_two_text_size__hover_enabled=\"off\" button_text_color__hover_enabled=\"off\" button_one_text_color__hover_enabled=\"off\" button_two_text_color__hover_enabled=\"off\" button_border_width__hover_enabled=\"off\" button_one_border_width__hover_enabled=\"off\" button_two_border_width__hover_enabled=\"off\" button_border_color__hover_enabled=\"off\" button_one_border_color__hover_enabled=\"off\" button_two_border_color__hover_enabled=\"off\" button_border_radius__hover_enabled=\"off\" button_one_border_radius__hover_enabled=\"off\" button_two_border_radius__hover_enabled=\"off\" button_letter_spacing__hover_enabled=\"off\" button_one_letter_spacing__hover_enabled=\"off\" button_two_letter_spacing__hover_enabled=\"off\" button_bg_color__hover_enabled=\"off\" button_one_bg_color__hover_enabled=\"off\" button_two_bg_color__hover_enabled=\"off\"][\/et_pb_contact_field][et_pb_contact_field field_id=\"Message\" field_title=\"\u00bfEn qu\u00e9 puedo ayudarte?\" field_type=\"text\" fullwidth_field=\"on\" _builder_version=\"4.9.1\" button_text_size__hover_enabled=\"off\" button_one_text_size__hover_enabled=\"off\" button_two_text_size__hover_enabled=\"off\" button_text_color__hover_enabled=\"off\" button_one_text_color__hover_enabled=\"off\" button_two_text_color__hover_enabled=\"off\" button_border_width__hover_enabled=\"off\" button_one_border_width__hover_enabled=\"off\" button_two_border_width__hover_enabled=\"off\" button_border_color__hover_enabled=\"off\" button_one_border_color__hover_enabled=\"off\" button_two_border_color__hover_enabled=\"off\" button_border_radius__hover_enabled=\"off\" button_one_border_radius__hover_enabled=\"off\" button_two_border_radius__hover_enabled=\"off\" button_letter_spacing__hover_enabled=\"off\" button_one_letter_spacing__hover_enabled=\"off\" button_two_letter_spacing__hover_enabled=\"off\" button_bg_color__hover_enabled=\"off\" button_one_bg_color__hover_enabled=\"off\" button_two_bg_color__hover_enabled=\"off\"][\/et_pb_contact_field][\/et_pb_contact_form][\/et_pb_column][et_pb_column type=\"1_3\" _builder_version=\"4.9.1\" _module_preset=\"default\"][et_pb_text _builder_version=\"4.9.2\" _module_preset=\"default\" text_orientation=\"right\" hover_enabled=\"0\" sticky_enabled=\"0\"]\n\n<strong>\u00bfAlguna duda? Estar\u00e9 encantada de responderte.<\/strong>\n\nCompleta este formulario o cont\u00e1ctame en Instagram:\n<a href=\"http:\/\/instagram.com\/fardatxeta_joies\">@fardatxeta_joies<\/a>\n\n[\/et_pb_text][\/et_pb_column][\/et_pb_row][\/et_pb_section]","_et_gb_content_width":"","_monsterinsights_skip_tracking":false,"_monsterinsights_sitenote_active":false,"_monsterinsights_sitenote_note":"","_monsterinsights_sitenote_category":0,"footnotes":""},"class_list":["post-801","page","type-page","status-publish","hentry"],"yoast_head":"<!-- This site is optimized with the Yoast SEO plugin v26.5 - https:\/\/yoast.com\/wordpress\/plugins\/seo\/ -->\n<title>Where to find me - Fardatxeta Joies, handmade silver jewelry<\/title>\n<meta name=\"description\" content=\"You will find our handmade silver jewelry at two markets in Lanzarote and in our online store. Give a unique jewel as a gift!\" \/>\n<meta name=\"robots\" content=\"index, follow, max-snippet:-1, max-image-preview:large, max-video-preview:-1\" \/>\n<link rel=\"canonical\" href=\"https:\/\/fardatxetajoies.com\/en\/contact\/\" \/>\n<meta property=\"og:locale\" content=\"en_US\" \/>\n<meta property=\"og:type\" content=\"article\" \/>\n<meta property=\"og:title\" content=\"Where to find me - Fardatxeta Joies, handmade silver jewelry\" \/>\n<meta property=\"og:description\" content=\"You will find our handmade silver jewelry at two markets in Lanzarote and in our online store. Give a unique jewel as a gift!\" \/>\n<meta property=\"og:url\" content=\"https:\/\/fardatxetajoies.com\/en\/contact\/\" \/>\n<meta property=\"og:site_name\" content=\"fardatxetajoies.com\" \/>\n<meta property=\"article:modified_time\" content=\"2026-01-31T22:55:12+00:00\" \/>\n<meta name=\"twitter:card\" content=\"summary_large_image\" \/>\n<meta name=\"twitter:label1\" content=\"Est. reading time\" \/>\n\t<meta name=\"twitter:data1\" content=\"2 minutes\" \/>\n<script type=\"application\/ld+json\" class=\"yoast-schema-graph\">{\"@context\":\"https:\/\/schema.org\",\"@graph\":[{\"@type\":\"WebPage\",\"@id\":\"https:\/\/fardatxetajoies.com\/en\/contact\/\",\"url\":\"https:\/\/fardatxetajoies.com\/en\/contact\/\",\"name\":\"Where to find me - Fardatxeta Joies, handmade silver jewelry\",\"isPartOf\":{\"@id\":\"https:\/\/fardatxetajoies.com\/en\/#website\"},\"datePublished\":\"2021-04-01T09:45:44+00:00\",\"dateModified\":\"2026-01-31T22:55:12+00:00\",\"description\":\"You will find our handmade silver jewelry at two markets in Lanzarote and in our online store. Give a unique jewel as a gift!\",\"breadcrumb\":{\"@id\":\"https:\/\/fardatxetajoies.com\/en\/contact\/#breadcrumb\"},\"inLanguage\":\"en-US\",\"potentialAction\":[{\"@type\":\"ReadAction\",\"target\":[\"https:\/\/fardatxetajoies.com\/en\/contact\/\"]}]},{\"@type\":\"BreadcrumbList\",\"@id\":\"https:\/\/fardatxetajoies.com\/en\/contact\/#breadcrumb\",\"itemListElement\":[{\"@type\":\"ListItem\",\"position\":1,\"name\":\"Portada\",\"item\":\"https:\/\/fardatxetajoies.com\/en\/\"},{\"@type\":\"ListItem\",\"position\":2,\"name\":\"WHERE TO FIND ME\"}]},{\"@type\":\"WebSite\",\"@id\":\"https:\/\/fardatxetajoies.com\/en\/#website\",\"url\":\"https:\/\/fardatxetajoies.com\/en\/\",\"name\":\"fardatxetajoies.com\",\"description\":\"Joyas artesanas con alma\",\"potentialAction\":[{\"@type\":\"SearchAction\",\"target\":{\"@type\":\"EntryPoint\",\"urlTemplate\":\"https:\/\/fardatxetajoies.com\/en\/?s={search_term_string}\"},\"query-input\":{\"@type\":\"PropertyValueSpecification\",\"valueRequired\":true,\"valueName\":\"search_term_string\"}}],\"inLanguage\":\"en-US\"}]}<\/script>\n<!-- \/ Yoast SEO plugin. -->","yoast_head_json":{"title":"Where to find me - Fardatxeta Joies, handmade silver jewelry","description":"You will find our handmade silver jewelry at two markets in Lanzarote and in our online store. Give a unique jewel as a gift!","robots":{"index":"index","follow":"follow","max-snippet":"max-snippet:-1","max-image-preview":"max-image-preview:large","max-video-preview":"max-video-preview:-1"},"canonical":"https:\/\/fardatxetajoies.com\/en\/contact\/","og_locale":"en_US","og_type":"article","og_title":"Where to find me - Fardatxeta Joies, handmade silver jewelry","og_description":"You will find our handmade silver jewelry at two markets in Lanzarote and in our online store. Give a unique jewel as a gift!","og_url":"https:\/\/fardatxetajoies.com\/en\/contact\/","og_site_name":"fardatxetajoies.com","article_modified_time":"2026-01-31T22:55:12+00:00","twitter_card":"summary_large_image","twitter_misc":{"Est. reading time":"2 minutes"},"schema":{"@context":"https:\/\/schema.org","@graph":[{"@type":"WebPage","@id":"https:\/\/fardatxetajoies.com\/en\/contact\/","url":"https:\/\/fardatxetajoies.com\/en\/contact\/","name":"Where to find me - Fardatxeta Joies, handmade silver jewelry","isPartOf":{"@id":"https:\/\/fardatxetajoies.com\/en\/#website"},"datePublished":"2021-04-01T09:45:44+00:00","dateModified":"2026-01-31T22:55:12+00:00","description":"You will find our handmade silver jewelry at two markets in Lanzarote and in our online store. Give a unique jewel as a gift!","breadcrumb":{"@id":"https:\/\/fardatxetajoies.com\/en\/contact\/#breadcrumb"},"inLanguage":"en-US","potentialAction":[{"@type":"ReadAction","target":["https:\/\/fardatxetajoies.com\/en\/contact\/"]}]},{"@type":"BreadcrumbList","@id":"https:\/\/fardatxetajoies.com\/en\/contact\/#breadcrumb","itemListElement":[{"@type":"ListItem","position":1,"name":"Portada","item":"https:\/\/fardatxetajoies.com\/en\/"},{"@type":"ListItem","position":2,"name":"WHERE TO FIND ME"}]},{"@type":"WebSite","@id":"https:\/\/fardatxetajoies.com\/en\/#website","url":"https:\/\/fardatxetajoies.com\/en\/","name":"fardatxetajoies.com","description":"Joyas artesanas con alma","potentialAction":[{"@type":"SearchAction","target":{"@type":"EntryPoint","urlTemplate":"https:\/\/fardatxetajoies.com\/en\/?s={search_term_string}"},"query-input":{"@type":"PropertyValueSpecification","valueRequired":true,"valueName":"search_term_string"}}],"inLanguage":"en-US"}]}},"_links":{"self":[{"href":"https:\/\/fardatxetajoies.com\/en\/wp-json\/wp\/v2\/pages\/801","targetHints":{"allow":["GET"]}}],"collection":[{"href":"https:\/\/fardatxetajoies.com\/en\/wp-json\/wp\/v2\/pages"}],"about":[{"href":"https:\/\/fardatxetajoies.com\/en\/wp-json\/wp\/v2\/types\/page"}],"author":[{"embeddable":true,"href":"https:\/\/fardatxetajoies.com\/en\/wp-json\/wp\/v2\/users\/1"}],"replies":[{"embeddable":true,"href":"https:\/\/fardatxetajoies.com\/en\/wp-json\/wp\/v2\/comments?post=801"}],"version-history":[{"count":16,"href":"https:\/\/fardatxetajoies.com\/en\/wp-json\/wp\/v2\/pages\/801\/revisions"}],"predecessor-version":[{"id":3946,"href":"https:\/\/fardatxetajoies.com\/en\/wp-json\/wp\/v2\/pages\/801\/revisions\/3946"}],"wp:attachment":[{"href":"https:\/\/fardatxetajoies.com\/en\/wp-json\/wp\/v2\/media?parent=801"}],"curies":[{"name":"wp","href":"https:\/\/api.w.org\/{rel}","templated":true}]}}