{"id":1064,"date":"2021-04-07T15:02:33","date_gmt":"2021-04-07T15:02:33","guid":{"rendered":"https:\/\/fardatxetajoies.com\/?page_id=1064"},"modified":"2021-05-25T14:39:21","modified_gmt":"2021-05-25T14:39:21","slug":"ring-size-guide","status":"publish","type":"page","link":"https:\/\/fardatxetajoies.com\/en\/ring-size-guide\/","title":{"rendered":"SIZE GUIDE FOR RINGS"},"content":{"rendered":"<p>[et_pb_section fb_built=&#8221;1&#8243; _builder_version=&#8221;4.9.2&#8243; _module_preset=&#8221;default&#8221; background_last_edited=&#8221;on|phone&#8221; locked=&#8221;off&#8221;][et_pb_row _builder_version=&#8221;4.9.2&#8243; _module_preset=&#8221;default&#8221;][et_pb_column type=&#8221;4_4&#8243; _builder_version=&#8221;4.9.2&#8243; _module_preset=&#8221;default&#8221;][et_pb_text _builder_version=&#8221;4.9.2&#8243; _module_preset=&#8221;default&#8221;]<\/p>\n<h1>SIZE GUIDE FOR RINGS<\/h1>\n<p>[\/et_pb_text][\/et_pb_column][\/et_pb_row][\/et_pb_section][et_pb_section fb_built=&#8221;1&#8243; admin_label=&#8221;section&#8221; _builder_version=&#8221;3.22&#8243; custom_padding=&#8221;0px||0px|||&#8221;][et_pb_row admin_label=&#8221;row&#8221; _builder_version=&#8221;3.25&#8243; background_size=&#8221;initial&#8221; background_position=&#8221;top_left&#8221; background_repeat=&#8221;repeat&#8221;][et_pb_column type=&#8221;4_4&#8243; _builder_version=&#8221;3.25&#8243; custom_padding=&#8221;|||&#8221; custom_padding__hover=&#8221;|||&#8221;][et_pb_text admin_label=&#8221;Text&#8221; _builder_version=&#8221;4.9.2&#8243; background_size=&#8221;initial&#8221; background_position=&#8221;top_left&#8221; background_repeat=&#8221;repeat&#8221;]<!-- divi:paragraph --><\/p>\n<p>To find out what ring size you need, look for a ring that you already have and that fits well. Measure the inside diameter of your ring as accurately as possible in millimeters. You can use calipers or if you don\u2019t have these, you can also use a ruler.<\/p>\n<p><!-- \/divi:paragraph --><\/p>\n<p><!-- divi:paragraph --><\/p>\n<p>Study how to do it in the attached image.<\/p>\n<p><!-- \/divi:paragraph --><\/p>\n<p><!-- divi:paragraph --><\/p>\n<p>If you have doubts between two sizes, always choose the larger size. Keep in mind that all the rings that you find in my online store are open so you will always be able to adjust them a little.<\/p>\n<p><!-- \/divi:paragraph -->[\/et_pb_text][\/et_pb_column][\/et_pb_row][\/et_pb_section][et_pb_section fb_built=&#8221;1&#8243; _builder_version=&#8221;4.9.2&#8243; _module_preset=&#8221;default&#8221; custom_padding=&#8221;0px|||||&#8221;][et_pb_row column_structure=&#8221;1_2,1_2&#8243; _builder_version=&#8221;4.9.2&#8243; _module_preset=&#8221;default&#8221;][et_pb_column type=&#8221;1_2&#8243; _builder_version=&#8221;4.9.2&#8243; _module_preset=&#8221;default&#8221;][et_pb_image src=&#8221;https:\/\/fardatxetajoies.com\/wp-content\/uploads\/2021\/05\/talla-anillos_pie-de-rey.jpeg&#8221; _builder_version=&#8221;4.9.2&#8243; _module_preset=&#8221;default&#8221;][\/et_pb_image][\/et_pb_column][et_pb_column type=&#8221;1_2&#8243; _builder_version=&#8221;4.9.2&#8243; _module_preset=&#8221;default&#8221;][et_pb_text _builder_version=&#8221;4.9.2&#8243; _module_preset=&#8221;default&#8221; custom_margin=&#8221;253px||||false|false&#8221; custom_margin_tablet=&#8221;&#8221; custom_margin_phone=&#8221;0px||||false|false&#8221; custom_margin_last_edited=&#8221;on|phone&#8221;]<\/p>\n<p>Make sure you position well your ring to measure its inside diameter. Always by the upper part of the caliper.<\/p>\n<p>[\/et_pb_text][\/et_pb_column][\/et_pb_row][\/et_pb_section][et_pb_section fb_built=&#8221;1&#8243; _builder_version=&#8221;4.9.2&#8243; _module_preset=&#8221;default&#8221; custom_padding=&#8221;0px|||||&#8221;][et_pb_row column_structure=&#8221;1_2,1_2&#8243; _builder_version=&#8221;4.9.2&#8243; _module_preset=&#8221;default&#8221;][et_pb_column type=&#8221;1_2&#8243; _builder_version=&#8221;4.9.2&#8243; _module_preset=&#8221;default&#8221;][et_pb_image src=&#8221;https:\/\/fardatxetajoies.com\/wp-content\/uploads\/2021\/05\/talla-anillos_regla.jpeg&#8221; alt=&#8221;joyas artesanales de plata&#8221; _builder_version=&#8221;4.9.2&#8243; _module_preset=&#8221;default&#8221;][\/et_pb_image][\/et_pb_column][et_pb_column type=&#8221;1_2&#8243; _builder_version=&#8221;4.9.2&#8243; _module_preset=&#8221;default&#8221;][et_pb_text _builder_version=&#8221;4.9.2&#8243; _module_preset=&#8221;default&#8221; custom_margin=&#8221;253px||||false|false&#8221; custom_margin_tablet=&#8221;&#8221; custom_margin_phone=&#8221;0px||||false|false&#8221; custom_margin_last_edited=&#8221;on|phone&#8221;]<\/p>\n<p>Try to place the ruler in the middle of your ring and match the 0 line right next to its inner wall.<\/p>\n<p>[\/et_pb_text][\/et_pb_column][\/et_pb_row][\/et_pb_section][et_pb_section fb_built=&#8221;1&#8243; _builder_version=&#8221;4.9.2&#8243; _module_preset=&#8221;default&#8221;][et_pb_row _builder_version=&#8221;4.9.2&#8243; _module_preset=&#8221;default&#8221;][et_pb_column type=&#8221;4_4&#8243; _builder_version=&#8221;4.9.2&#8243; _module_preset=&#8221;default&#8221;][et_pb_text admin_label=&#8221;Text&#8221; _builder_version=&#8221;4.9.2&#8243; background_size=&#8221;initial&#8221; background_position=&#8221;top_left&#8221; background_repeat=&#8221;repeat&#8221; hover_enabled=&#8221;0&#8243; sticky_enabled=&#8221;0&#8243;]<\/p>\n<p>In the example above the inner diameter of this ring would be 17mm. So according to the table below, the size of this ring would be 14.<\/p>\n<p><strong>Here is the conversion table between the measurement in millimeters of the inner diameter of your ring and the size number that you must indicate when you buy.<\/strong><\/p>\n<p><!-- \/divi:paragraph --><\/p>\n<p><!-- divi:paragraph -->This number is related to the ring measuring tools that I have in my workshop. It is possible that if you buy in another store this number will not match since in other countries they use another equivalent. It is therefore important that you follow the measurement in millimeters of the inner diameter of your ring.<\/p>\n<p><!-- \/divi:paragraph --><\/p>\n<p><!-- divi:paragraph -->If the measurement of the inner diameter of your ring does not fit with any of the measurements in the table, either because you need a size less than 10 or a size greater than 20, <strong>please <a href=\"https:\/\/fardatxetajoies.com\/en\/contact\/\">contact me<\/a>.<\/strong><br \/><!-- \/divi:paragraph --><\/p>\n<p>&nbsp;<\/p>\n<p><!-- divi:table --><\/p>\n<figure class=\"wp-block-table\">\n<table>\n<tbody>\n<tr>\n<td>Size<\/td>\n<td>Inside Diameter (mm)<\/td>\n<\/tr>\n<tr>\n<td>N\u00ba 10<\/td>\n<td>16<\/td>\n<\/tr>\n<tr>\n<td>N\u00ba11<\/td>\n<td>16.3<\/td>\n<\/tr>\n<tr>\n<td>N\u00ba12<\/td>\n<td>16.5<\/td>\n<\/tr>\n<tr>\n<td>N\u00ba13<\/td>\n<td>16.9<\/td>\n<\/tr>\n<tr>\n<td>N\u00ba14<\/td>\n<td>17.3<\/td>\n<\/tr>\n<tr>\n<td>N\u00ba15<\/td>\n<td>17.5<\/td>\n<\/tr>\n<tr>\n<td>N\u00ba16<\/td>\n<td>17.9<\/td>\n<\/tr>\n<tr>\n<td>N\u00ba17<\/td>\n<td>18<\/td>\n<\/tr>\n<tr>\n<td>N\u00ba18<\/td>\n<td>18.5<\/td>\n<\/tr>\n<tr>\n<td>N\u00ba19<\/td>\n<td>18.8<\/td>\n<\/tr>\n<tr>\n<td>N\u00ba20<\/td>\n<td>19.2<\/td>\n<\/tr>\n<\/tbody>\n<\/table>\n<\/figure>\n<p><!-- \/divi:table --><\/p>\n<p>[\/et_pb_text][\/et_pb_column][\/et_pb_row][\/et_pb_section]<\/p>\n","protected":false},"excerpt":{"rendered":"<p>SIZE GUIDE FOR RINGS To find out what ring size you need, look for a ring that you already have and that fits well. Measure the inside diameter of your ring as accurately as possible in millimeters. You can use calipers or if you don\u2019t have these, you can also use a ruler. Study how [&hellip;]<\/p>\n","protected":false},"author":1,"featured_media":0,"parent":0,"menu_order":0,"comment_status":"closed","ping_status":"closed","template":"","meta":{"_et_pb_use_builder":"on","_et_pb_old_content":"<!-- wp:paragraph -->\n<p>Para saber qu\u00e9 talla de anillo necesitas busca un anillo que ya tengas y que sea de tu medida. Mide el di\u00e1metro interior de tu anillo de la manera m\u00e1s precisa posible y siempre en mil\u00edmetros. Puedes medirlo con la ayuda de un pie de rey o si no dispones de esta herramienta puedes usar tambi\u00e9n una regla.<\/p>\n<!-- \/wp:paragraph -->\n\n<!-- wp:paragraph -->\n<p>F\u00edjate bien como hacerlo en la imagen adjunta.<\/p>\n<!-- \/wp:paragraph -->\n\n<!-- wp:paragraph -->\n<p>Si tienes dudas entre dos tallas escoge siempre la talla m\u00e1s grande. Ten en cuenta que todos los anillos que encuentras en mi tienda online son abiertos as\u00ed que siempre vas a poder ajustarlo un poco.<\/p>\n<!-- \/wp:paragraph -->\n\n<!-- wp:paragraph -->\n<p><strong>A continuaci\u00f3n te dejo la tabla de conversi\u00f3n entre la medida en mil\u00edmetros del di\u00e1metro interior de tu anillo y el n\u00famero de talla que deber\u00e1s indicar cuando compres un anillo.<\/strong><\/p>\n<!-- \/wp:paragraph -->\n\n<!-- wp:paragraph -->\n<p>Este n\u00famero est\u00e1 relacionado con las herramientas medidoras de anillos que tengo en mi taller. Es posible que si compras en otra tienda no coincida este n\u00famero ya que en otros pa\u00edses usan otra equivalencia por eso es importante que te gu\u00edes por la medida en mil\u00edmetros del di\u00e1metro interior de tu anillo.<\/p>\n<!-- \/wp:paragraph -->\n\n<!-- wp:table -->\n<figure class=\"wp-block-table\"><table><tbody><tr><td>Talla<\/td><td>Medida di\u00e1metro interior (mm)<\/td><\/tr><tr><td>N\u00ba 10<\/td><td>16<\/td><\/tr><tr><td>N\u00ba11<\/td><td>16.3<\/td><\/tr><tr><td>N\u00ba12<\/td><td>16.5<\/td><\/tr><tr><td>N\u00ba13<\/td><td>16.9<\/td><\/tr><tr><td>N\u00ba14<\/td><td>17.3<\/td><\/tr><tr><td>N\u00ba15<\/td><td>17.5<\/td><\/tr><tr><td>N\u00ba16<\/td><td>17.9<\/td><\/tr><tr><td>N\u00ba17<\/td><td>18<\/td><\/tr><tr><td>N\u00ba18<\/td><td>18.5<\/td><\/tr><tr><td>N\u00ba19<\/td><td>18.8<\/td><\/tr><tr><td>N\u00ba20<\/td><td>19.2<\/td><\/tr><\/tbody><\/table><\/figure>\n<!-- \/wp:table -->","_et_gb_content_width":"","_monsterinsights_skip_tracking":false,"_monsterinsights_sitenote_active":false,"_monsterinsights_sitenote_note":"","_monsterinsights_sitenote_category":0,"footnotes":""},"class_list":["post-1064","page","type-page","status-publish","hentry"],"yoast_head":"<!-- This site is optimized with the Yoast SEO plugin v26.5 - https:\/\/yoast.com\/wordpress\/plugins\/seo\/ -->\n<title>Size Guide for Rings - Fardatxeta Joies, handmade jewellery Lanzarote<\/title>\n<meta name=\"description\" content=\"Use this guide to know what is your perfect ring size before choosing your ring by Fardatxeta Joies, handmade silver jewellery.\" \/>\n<meta name=\"robots\" content=\"index, follow, max-snippet:-1, max-image-preview:large, max-video-preview:-1\" \/>\n<link rel=\"canonical\" href=\"https:\/\/fardatxetajoies.com\/en\/ring-size-guide\/\" \/>\n<meta property=\"og:locale\" content=\"en_US\" \/>\n<meta property=\"og:type\" content=\"article\" \/>\n<meta property=\"og:title\" content=\"Size Guide for Rings - Fardatxeta Joies, handmade jewellery Lanzarote\" \/>\n<meta property=\"og:description\" content=\"Use this guide to know what is your perfect ring size before choosing your ring by Fardatxeta Joies, handmade silver jewellery.\" \/>\n<meta property=\"og:url\" content=\"https:\/\/fardatxetajoies.com\/en\/ring-size-guide\/\" \/>\n<meta property=\"og:site_name\" content=\"fardatxetajoies.com\" \/>\n<meta property=\"article:modified_time\" content=\"2021-05-25T14:39:21+00:00\" \/>\n<meta name=\"twitter:card\" content=\"summary_large_image\" \/>\n<meta name=\"twitter:label1\" content=\"Est. reading time\" \/>\n\t<meta name=\"twitter:data1\" content=\"2 minutes\" \/>\n<script type=\"application\/ld+json\" class=\"yoast-schema-graph\">{\"@context\":\"https:\/\/schema.org\",\"@graph\":[{\"@type\":\"WebPage\",\"@id\":\"https:\/\/fardatxetajoies.com\/en\/ring-size-guide\/\",\"url\":\"https:\/\/fardatxetajoies.com\/en\/ring-size-guide\/\",\"name\":\"Size Guide for Rings - Fardatxeta Joies, handmade jewellery Lanzarote\",\"isPartOf\":{\"@id\":\"https:\/\/fardatxetajoies.com\/en\/#website\"},\"datePublished\":\"2021-04-07T15:02:33+00:00\",\"dateModified\":\"2021-05-25T14:39:21+00:00\",\"description\":\"Use this guide to know what is your perfect ring size before choosing your ring by Fardatxeta Joies, handmade silver jewellery.\",\"breadcrumb\":{\"@id\":\"https:\/\/fardatxetajoies.com\/en\/ring-size-guide\/#breadcrumb\"},\"inLanguage\":\"en-US\",\"potentialAction\":[{\"@type\":\"ReadAction\",\"target\":[\"https:\/\/fardatxetajoies.com\/en\/ring-size-guide\/\"]}]},{\"@type\":\"BreadcrumbList\",\"@id\":\"https:\/\/fardatxetajoies.com\/en\/ring-size-guide\/#breadcrumb\",\"itemListElement\":[{\"@type\":\"ListItem\",\"position\":1,\"name\":\"Portada\",\"item\":\"https:\/\/fardatxetajoies.com\/en\/\"},{\"@type\":\"ListItem\",\"position\":2,\"name\":\"SIZE GUIDE FOR RINGS\"}]},{\"@type\":\"WebSite\",\"@id\":\"https:\/\/fardatxetajoies.com\/en\/#website\",\"url\":\"https:\/\/fardatxetajoies.com\/en\/\",\"name\":\"fardatxetajoies.com\",\"description\":\"Joyas artesanas con alma\",\"potentialAction\":[{\"@type\":\"SearchAction\",\"target\":{\"@type\":\"EntryPoint\",\"urlTemplate\":\"https:\/\/fardatxetajoies.com\/en\/?s={search_term_string}\"},\"query-input\":{\"@type\":\"PropertyValueSpecification\",\"valueRequired\":true,\"valueName\":\"search_term_string\"}}],\"inLanguage\":\"en-US\"}]}<\/script>\n<!-- \/ Yoast SEO plugin. -->","yoast_head_json":{"title":"Size Guide for Rings - Fardatxeta Joies, handmade jewellery Lanzarote","description":"Use this guide to know what is your perfect ring size before choosing your ring by Fardatxeta Joies, handmade silver jewellery.","robots":{"index":"index","follow":"follow","max-snippet":"max-snippet:-1","max-image-preview":"max-image-preview:large","max-video-preview":"max-video-preview:-1"},"canonical":"https:\/\/fardatxetajoies.com\/en\/ring-size-guide\/","og_locale":"en_US","og_type":"article","og_title":"Size Guide for Rings - Fardatxeta Joies, handmade jewellery Lanzarote","og_description":"Use this guide to know what is your perfect ring size before choosing your ring by Fardatxeta Joies, handmade silver jewellery.","og_url":"https:\/\/fardatxetajoies.com\/en\/ring-size-guide\/","og_site_name":"fardatxetajoies.com","article_modified_time":"2021-05-25T14:39:21+00:00","twitter_card":"summary_large_image","twitter_misc":{"Est. reading time":"2 minutes"},"schema":{"@context":"https:\/\/schema.org","@graph":[{"@type":"WebPage","@id":"https:\/\/fardatxetajoies.com\/en\/ring-size-guide\/","url":"https:\/\/fardatxetajoies.com\/en\/ring-size-guide\/","name":"Size Guide for Rings - Fardatxeta Joies, handmade jewellery Lanzarote","isPartOf":{"@id":"https:\/\/fardatxetajoies.com\/en\/#website"},"datePublished":"2021-04-07T15:02:33+00:00","dateModified":"2021-05-25T14:39:21+00:00","description":"Use this guide to know what is your perfect ring size before choosing your ring by Fardatxeta Joies, handmade silver jewellery.","breadcrumb":{"@id":"https:\/\/fardatxetajoies.com\/en\/ring-size-guide\/#breadcrumb"},"inLanguage":"en-US","potentialAction":[{"@type":"ReadAction","target":["https:\/\/fardatxetajoies.com\/en\/ring-size-guide\/"]}]},{"@type":"BreadcrumbList","@id":"https:\/\/fardatxetajoies.com\/en\/ring-size-guide\/#breadcrumb","itemListElement":[{"@type":"ListItem","position":1,"name":"Portada","item":"https:\/\/fardatxetajoies.com\/en\/"},{"@type":"ListItem","position":2,"name":"SIZE GUIDE FOR RINGS"}]},{"@type":"WebSite","@id":"https:\/\/fardatxetajoies.com\/en\/#website","url":"https:\/\/fardatxetajoies.com\/en\/","name":"fardatxetajoies.com","description":"Joyas artesanas con alma","potentialAction":[{"@type":"SearchAction","target":{"@type":"EntryPoint","urlTemplate":"https:\/\/fardatxetajoies.com\/en\/?s={search_term_string}"},"query-input":{"@type":"PropertyValueSpecification","valueRequired":true,"valueName":"search_term_string"}}],"inLanguage":"en-US"}]}},"_links":{"self":[{"href":"https:\/\/fardatxetajoies.com\/en\/wp-json\/wp\/v2\/pages\/1064","targetHints":{"allow":["GET"]}}],"collection":[{"href":"https:\/\/fardatxetajoies.com\/en\/wp-json\/wp\/v2\/pages"}],"about":[{"href":"https:\/\/fardatxetajoies.com\/en\/wp-json\/wp\/v2\/types\/page"}],"author":[{"embeddable":true,"href":"https:\/\/fardatxetajoies.com\/en\/wp-json\/wp\/v2\/users\/1"}],"replies":[{"embeddable":true,"href":"https:\/\/fardatxetajoies.com\/en\/wp-json\/wp\/v2\/comments?post=1064"}],"version-history":[{"count":9,"href":"https:\/\/fardatxetajoies.com\/en\/wp-json\/wp\/v2\/pages\/1064\/revisions"}],"predecessor-version":[{"id":2987,"href":"https:\/\/fardatxetajoies.com\/en\/wp-json\/wp\/v2\/pages\/1064\/revisions\/2987"}],"wp:attachment":[{"href":"https:\/\/fardatxetajoies.com\/en\/wp-json\/wp\/v2\/media?parent=1064"}],"curies":[{"name":"wp","href":"https:\/\/api.w.org\/{rel}","templated":true}]}}