{"id":2216,"date":"2021-04-09T15:04:49","date_gmt":"2021-04-09T15:04:49","guid":{"rendered":"https:\/\/fardatxetajoies.com\/producto\/bracalet-onades-model-2\/"},"modified":"2025-12-13T01:07:51","modified_gmt":"2025-12-13T01:07:51","slug":"bracalet-onades-model-2","status":"publish","type":"product","link":"https:\/\/fardatxetajoies.com\/ca\/producto\/bracalet-onades-model-2\/","title":{"rendered":"Polsera Onades (model 2)"},"content":{"rendered":"","protected":false},"excerpt":{"rendered":"<p>Plata de llei. Polsera r\u00edgida i tancada.<br \/>\n<strong>Important:<\/strong> Les formes ondulades d&#8217;aquesta pe\u00e7a s\u00f3n orientatives i poden variar respecte a la foto.<\/p>\n<p>Per a aquesta polsera \u00e9s necessari saber la mida aproximada del teu canell. Pots mesurar-lo amb una cinta m\u00e8trica. Si mesura 15cm aprox. escull la mida petita i si mesura 17cm aprox. escull la mida est\u00e0ndard.<br \/>\nSi el teu canell \u00e9s m\u00e9s petit o m\u00e9s gran que aquestes mides <a href=\"http:\/\/fardatxetajoies.com\/contacto\">escriu-me<\/a> i te&#8217;n preparo una per a tu.<\/p>\n","protected":false},"featured_media":3395,"comment_status":"open","ping_status":"closed","template":"","meta":{"_et_pb_use_builder":"","_et_pb_old_content":"","_et_gb_content_width":"","_monsterinsights_skip_tracking":false,"_monsterinsights_sitenote_active":false,"_monsterinsights_sitenote_note":"","_monsterinsights_sitenote_category":0},"product_brand":[],"product_cat":[71],"product_tag":[56],"class_list":{"0":"post-2216","1":"product","2":"type-product","3":"status-publish","4":"has-post-thumbnail","6":"product_cat-onades","7":"product_tag-bracalets","9":"first","10":"outofstock","11":"shipping-taxable","12":"purchasable","13":"product-type-variable"},"yoast_head":"<!-- This site is optimized with the Yoast SEO plugin v26.5 - https:\/\/yoast.com\/wordpress\/plugins\/seo\/ -->\n<title>Polsera Onades (model 2) de la Col\u00b7lecci\u00f3 Onades de Fardatxeta Joies<\/title>\n<meta name=\"description\" content=\"Polsera Onades (model 2) de la Col\u00b7lecci\u00f3 Onades de Fardatxeta Joies, joies artesanals de plata fetes a Lanzarote.\" \/>\n<meta name=\"robots\" content=\"index, follow, max-snippet:-1, max-image-preview:large, max-video-preview:-1\" \/>\n<link rel=\"canonical\" href=\"https:\/\/fardatxetajoies.com\/ca\/producto\/bracalet-onades-model-2\/\" \/>\n<meta property=\"og:locale\" content=\"ca_ES\" \/>\n<meta property=\"og:type\" content=\"article\" \/>\n<meta property=\"og:title\" content=\"Polsera Onades (model 2) de la Col\u00b7lecci\u00f3 Onades de Fardatxeta Joies\" \/>\n<meta property=\"og:description\" content=\"Polsera Onades (model 2) de la Col\u00b7lecci\u00f3 Onades de Fardatxeta Joies, joies artesanals de plata fetes a Lanzarote.\" \/>\n<meta property=\"og:url\" content=\"https:\/\/fardatxetajoies.com\/ca\/producto\/bracalet-onades-model-2\/\" \/>\n<meta property=\"og:site_name\" content=\"fardatxetajoies.com\" \/>\n<meta property=\"article:modified_time\" content=\"2025-12-13T01:07:51+00:00\" \/>\n<meta property=\"og:image\" content=\"https:\/\/fardatxetajoies.com\/wp-content\/uploads\/2021\/04\/ECFFFFD9-E9E5-4A10-AC14-79FB78AA9D4A-scaled.jpeg\" \/>\n\t<meta property=\"og:image:width\" content=\"2304\" \/>\n\t<meta property=\"og:image:height\" content=\"2880\" \/>\n\t<meta property=\"og:image:type\" content=\"image\/jpeg\" \/>\n<meta name=\"twitter:card\" content=\"summary_large_image\" \/>\n<script type=\"application\/ld+json\" class=\"yoast-schema-graph\">{\"@context\":\"https:\/\/schema.org\",\"@graph\":[{\"@type\":\"WebPage\",\"@id\":\"https:\/\/fardatxetajoies.com\/ca\/producto\/bracalet-onades-model-2\/\",\"url\":\"https:\/\/fardatxetajoies.com\/ca\/producto\/bracalet-onades-model-2\/\",\"name\":\"Polsera Onades (model 2) de la Col\u00b7lecci\u00f3 Onades de Fardatxeta Joies\",\"isPartOf\":{\"@id\":\"https:\/\/fardatxetajoies.com\/ca\/#website\"},\"primaryImageOfPage\":{\"@id\":\"https:\/\/fardatxetajoies.com\/ca\/producto\/bracalet-onades-model-2\/#primaryimage\"},\"image\":{\"@id\":\"https:\/\/fardatxetajoies.com\/ca\/producto\/bracalet-onades-model-2\/#primaryimage\"},\"thumbnailUrl\":\"https:\/\/fardatxetajoies.com\/wp-content\/uploads\/2021\/04\/ECFFFFD9-E9E5-4A10-AC14-79FB78AA9D4A-scaled.jpeg\",\"datePublished\":\"2021-04-09T15:04:49+00:00\",\"dateModified\":\"2025-12-13T01:07:51+00:00\",\"description\":\"Polsera Onades (model 2) de la Col\u00b7lecci\u00f3 Onades de Fardatxeta Joies, joies artesanals de plata fetes a Lanzarote.\",\"breadcrumb\":{\"@id\":\"https:\/\/fardatxetajoies.com\/ca\/producto\/bracalet-onades-model-2\/#breadcrumb\"},\"inLanguage\":\"ca\",\"potentialAction\":[{\"@type\":\"ReadAction\",\"target\":[\"https:\/\/fardatxetajoies.com\/ca\/producto\/bracalet-onades-model-2\/\"]}]},{\"@type\":\"ImageObject\",\"inLanguage\":\"ca\",\"@id\":\"https:\/\/fardatxetajoies.com\/ca\/producto\/bracalet-onades-model-2\/#primaryimage\",\"url\":\"https:\/\/fardatxetajoies.com\/wp-content\/uploads\/2021\/04\/ECFFFFD9-E9E5-4A10-AC14-79FB78AA9D4A-scaled.jpeg\",\"contentUrl\":\"https:\/\/fardatxetajoies.com\/wp-content\/uploads\/2021\/04\/ECFFFFD9-E9E5-4A10-AC14-79FB78AA9D4A-scaled.jpeg\",\"width\":2304,\"height\":2880},{\"@type\":\"BreadcrumbList\",\"@id\":\"https:\/\/fardatxetajoies.com\/ca\/producto\/bracalet-onades-model-2\/#breadcrumb\",\"itemListElement\":[{\"@type\":\"ListItem\",\"position\":1,\"name\":\"Portada\",\"item\":\"https:\/\/fardatxetajoies.com\/ca\/\"},{\"@type\":\"ListItem\",\"position\":2,\"name\":\"BOTIGA\",\"item\":\"https:\/\/fardatxetajoies.com\/botiga-fardatxeta-joies\/\"},{\"@type\":\"ListItem\",\"position\":3,\"name\":\"Polsera Onades (model 2)\"}]},{\"@type\":\"WebSite\",\"@id\":\"https:\/\/fardatxetajoies.com\/ca\/#website\",\"url\":\"https:\/\/fardatxetajoies.com\/ca\/\",\"name\":\"fardatxetajoies.com\",\"description\":\"Joyas artesanas con alma\",\"potentialAction\":[{\"@type\":\"SearchAction\",\"target\":{\"@type\":\"EntryPoint\",\"urlTemplate\":\"https:\/\/fardatxetajoies.com\/ca\/?s={search_term_string}\"},\"query-input\":{\"@type\":\"PropertyValueSpecification\",\"valueRequired\":true,\"valueName\":\"search_term_string\"}}],\"inLanguage\":\"ca\"}]}<\/script>\n<!-- \/ Yoast SEO plugin. -->","yoast_head_json":{"title":"Polsera Onades (model 2) de la Col\u00b7lecci\u00f3 Onades de Fardatxeta Joies","description":"Polsera Onades (model 2) de la Col\u00b7lecci\u00f3 Onades de Fardatxeta Joies, joies artesanals de plata fetes a Lanzarote.","robots":{"index":"index","follow":"follow","max-snippet":"max-snippet:-1","max-image-preview":"max-image-preview:large","max-video-preview":"max-video-preview:-1"},"canonical":"https:\/\/fardatxetajoies.com\/ca\/producto\/bracalet-onades-model-2\/","og_locale":"ca_ES","og_type":"article","og_title":"Polsera Onades (model 2) de la Col\u00b7lecci\u00f3 Onades de Fardatxeta Joies","og_description":"Polsera Onades (model 2) de la Col\u00b7lecci\u00f3 Onades de Fardatxeta Joies, joies artesanals de plata fetes a Lanzarote.","og_url":"https:\/\/fardatxetajoies.com\/ca\/producto\/bracalet-onades-model-2\/","og_site_name":"fardatxetajoies.com","article_modified_time":"2025-12-13T01:07:51+00:00","og_image":[{"width":2304,"height":2880,"url":"https:\/\/fardatxetajoies.com\/wp-content\/uploads\/2021\/04\/ECFFFFD9-E9E5-4A10-AC14-79FB78AA9D4A-scaled.jpeg","type":"image\/jpeg"}],"twitter_card":"summary_large_image","schema":{"@context":"https:\/\/schema.org","@graph":[{"@type":"WebPage","@id":"https:\/\/fardatxetajoies.com\/ca\/producto\/bracalet-onades-model-2\/","url":"https:\/\/fardatxetajoies.com\/ca\/producto\/bracalet-onades-model-2\/","name":"Polsera Onades (model 2) de la Col\u00b7lecci\u00f3 Onades de Fardatxeta Joies","isPartOf":{"@id":"https:\/\/fardatxetajoies.com\/ca\/#website"},"primaryImageOfPage":{"@id":"https:\/\/fardatxetajoies.com\/ca\/producto\/bracalet-onades-model-2\/#primaryimage"},"image":{"@id":"https:\/\/fardatxetajoies.com\/ca\/producto\/bracalet-onades-model-2\/#primaryimage"},"thumbnailUrl":"https:\/\/fardatxetajoies.com\/wp-content\/uploads\/2021\/04\/ECFFFFD9-E9E5-4A10-AC14-79FB78AA9D4A-scaled.jpeg","datePublished":"2021-04-09T15:04:49+00:00","dateModified":"2025-12-13T01:07:51+00:00","description":"Polsera Onades (model 2) de la Col\u00b7lecci\u00f3 Onades de Fardatxeta Joies, joies artesanals de plata fetes a Lanzarote.","breadcrumb":{"@id":"https:\/\/fardatxetajoies.com\/ca\/producto\/bracalet-onades-model-2\/#breadcrumb"},"inLanguage":"ca","potentialAction":[{"@type":"ReadAction","target":["https:\/\/fardatxetajoies.com\/ca\/producto\/bracalet-onades-model-2\/"]}]},{"@type":"ImageObject","inLanguage":"ca","@id":"https:\/\/fardatxetajoies.com\/ca\/producto\/bracalet-onades-model-2\/#primaryimage","url":"https:\/\/fardatxetajoies.com\/wp-content\/uploads\/2021\/04\/ECFFFFD9-E9E5-4A10-AC14-79FB78AA9D4A-scaled.jpeg","contentUrl":"https:\/\/fardatxetajoies.com\/wp-content\/uploads\/2021\/04\/ECFFFFD9-E9E5-4A10-AC14-79FB78AA9D4A-scaled.jpeg","width":2304,"height":2880},{"@type":"BreadcrumbList","@id":"https:\/\/fardatxetajoies.com\/ca\/producto\/bracalet-onades-model-2\/#breadcrumb","itemListElement":[{"@type":"ListItem","position":1,"name":"Portada","item":"https:\/\/fardatxetajoies.com\/ca\/"},{"@type":"ListItem","position":2,"name":"BOTIGA","item":"https:\/\/fardatxetajoies.com\/botiga-fardatxeta-joies\/"},{"@type":"ListItem","position":3,"name":"Polsera Onades (model 2)"}]},{"@type":"WebSite","@id":"https:\/\/fardatxetajoies.com\/ca\/#website","url":"https:\/\/fardatxetajoies.com\/ca\/","name":"fardatxetajoies.com","description":"Joyas artesanas con alma","potentialAction":[{"@type":"SearchAction","target":{"@type":"EntryPoint","urlTemplate":"https:\/\/fardatxetajoies.com\/ca\/?s={search_term_string}"},"query-input":{"@type":"PropertyValueSpecification","valueRequired":true,"valueName":"search_term_string"}}],"inLanguage":"ca"}]}},"_links":{"self":[{"href":"https:\/\/fardatxetajoies.com\/ca\/wp-json\/wp\/v2\/product\/2216","targetHints":{"allow":["GET"]}}],"collection":[{"href":"https:\/\/fardatxetajoies.com\/ca\/wp-json\/wp\/v2\/product"}],"about":[{"href":"https:\/\/fardatxetajoies.com\/ca\/wp-json\/wp\/v2\/types\/product"}],"replies":[{"embeddable":true,"href":"https:\/\/fardatxetajoies.com\/ca\/wp-json\/wp\/v2\/comments?post=2216"}],"wp:featuredmedia":[{"embeddable":true,"href":"https:\/\/fardatxetajoies.com\/ca\/wp-json\/wp\/v2\/media\/3395"}],"wp:attachment":[{"href":"https:\/\/fardatxetajoies.com\/ca\/wp-json\/wp\/v2\/media?parent=2216"}],"wp:term":[{"taxonomy":"product_brand","embeddable":true,"href":"https:\/\/fardatxetajoies.com\/ca\/wp-json\/wp\/v2\/product_brand?post=2216"},{"taxonomy":"product_cat","embeddable":true,"href":"https:\/\/fardatxetajoies.com\/ca\/wp-json\/wp\/v2\/product_cat?post=2216"},{"taxonomy":"product_tag","embeddable":true,"href":"https:\/\/fardatxetajoies.com\/ca\/wp-json\/wp\/v2\/product_tag?post=2216"}],"curies":[{"name":"wp","href":"https:\/\/api.w.org\/{rel}","templated":true}]}}