{"id":2210,"date":"2021-04-09T15:06:44","date_gmt":"2021-04-09T15:06:44","guid":{"rendered":"https:\/\/fardatxetajoies.com\/producto\/bracalet-onades-model-3\/"},"modified":"2021-04-09T15:06:44","modified_gmt":"2021-04-09T15:06:44","slug":"bracalet-onades-model-3","status":"publish","type":"product","link":"https:\/\/fardatxetajoies.com\/ca\/producto\/bracalet-onades-model-3\/","title":{"rendered":"Bra\u00e7alet Onades (model 3)"},"content":{"rendered":"","protected":false},"excerpt":{"rendered":"<p>Plata de llei. Tres bra\u00e7alets r\u00edgids units entre si per portar-los sempre junts.<\/p>\n<p><strong>Important:<\/strong>Les formes ondulades d\u2019aquesta pe\u00e7a s\u00f3n orientatives i poden variar respecte a la foto.<\/p>\n<p>Per aquest bra\u00e7alet \u00e9s necessari saber la mesura del teu canyell. Pots mesurar-la amb una cinta m\u00e8trica al voltant d\u2019aquest. Si medeix 15cm aprox. tria la mida petita. Si medeix 17cm aprox. tria la mida est\u00e0ndar.<br \/>\nSi el teu canyell \u00e9s m\u00e9s petit o m\u00e9s gran que aquestes mesures <a href=\"https:\/\/fardatxetajoies.com\/ca\/on-trobar-me\/\">escriu-me<\/a> i te\u2019n faig un a la teva mida.<\/p>\n","protected":false},"featured_media":2516,"comment_status":"open","ping_status":"closed","template":"","meta":{"_et_pb_use_builder":"","_et_pb_old_content":"","_et_gb_content_width":"","_monsterinsights_skip_tracking":false,"_monsterinsights_sitenote_active":false,"_monsterinsights_sitenote_note":"","_monsterinsights_sitenote_category":0},"product_brand":[],"product_cat":[71],"product_tag":[56],"class_list":{"0":"post-2210","1":"product","2":"type-product","3":"status-publish","4":"has-post-thumbnail","6":"product_cat-onades","7":"product_tag-bracalets","9":"first","10":"outofstock","11":"shipping-taxable","12":"purchasable","13":"product-type-variable"},"yoast_head":"<!-- This site is optimized with the Yoast SEO plugin v26.5 - https:\/\/yoast.com\/wordpress\/plugins\/seo\/ -->\n<title>Polsera Onades (model 3) de la Col\u00b7lecci\u00f3 Onades de Fardatxeta Joies<\/title>\n<meta name=\"description\" content=\"Polsera Onades (model 3) de la Col\u00b7lecci\u00f3 Onades de Fardatxeta Joies, joies artesanals de plata fetes a Lanzarote.\" \/>\n<meta name=\"robots\" content=\"index, follow, max-snippet:-1, max-image-preview:large, max-video-preview:-1\" \/>\n<link rel=\"canonical\" href=\"https:\/\/fardatxetajoies.com\/ca\/producto\/bracalet-onades-model-3\/\" \/>\n<meta property=\"og:locale\" content=\"ca_ES\" \/>\n<meta property=\"og:type\" content=\"article\" \/>\n<meta property=\"og:title\" content=\"Polsera Onades (model 3) de la Col\u00b7lecci\u00f3 Onades de Fardatxeta Joies\" \/>\n<meta property=\"og:description\" content=\"Polsera Onades (model 3) de la Col\u00b7lecci\u00f3 Onades de Fardatxeta Joies, joies artesanals de plata fetes a Lanzarote.\" \/>\n<meta property=\"og:url\" content=\"https:\/\/fardatxetajoies.com\/ca\/producto\/bracalet-onades-model-3\/\" \/>\n<meta property=\"og:site_name\" content=\"fardatxetajoies.com\" \/>\n<meta property=\"og:image\" content=\"https:\/\/fardatxetajoies.com\/wp-content\/uploads\/2021\/04\/P_Pulsera-Olas-modelo-3.jpg\" \/>\n\t<meta property=\"og:image:width\" content=\"1080\" \/>\n\t<meta property=\"og:image:height\" content=\"1080\" \/>\n\t<meta property=\"og:image:type\" content=\"image\/jpeg\" \/>\n<meta name=\"twitter:card\" content=\"summary_large_image\" \/>\n<script type=\"application\/ld+json\" class=\"yoast-schema-graph\">{\"@context\":\"https:\/\/schema.org\",\"@graph\":[{\"@type\":\"WebPage\",\"@id\":\"https:\/\/fardatxetajoies.com\/ca\/producto\/bracalet-onades-model-3\/\",\"url\":\"https:\/\/fardatxetajoies.com\/ca\/producto\/bracalet-onades-model-3\/\",\"name\":\"Polsera Onades (model 3) de la Col\u00b7lecci\u00f3 Onades de Fardatxeta Joies\",\"isPartOf\":{\"@id\":\"https:\/\/fardatxetajoies.com\/ca\/#website\"},\"primaryImageOfPage\":{\"@id\":\"https:\/\/fardatxetajoies.com\/ca\/producto\/bracalet-onades-model-3\/#primaryimage\"},\"image\":{\"@id\":\"https:\/\/fardatxetajoies.com\/ca\/producto\/bracalet-onades-model-3\/#primaryimage\"},\"thumbnailUrl\":\"https:\/\/fardatxetajoies.com\/wp-content\/uploads\/2021\/04\/P_Pulsera-Olas-modelo-3.jpg\",\"datePublished\":\"2021-04-09T15:06:44+00:00\",\"description\":\"Polsera Onades (model 3) de la Col\u00b7lecci\u00f3 Onades de Fardatxeta Joies, joies artesanals de plata fetes a Lanzarote.\",\"breadcrumb\":{\"@id\":\"https:\/\/fardatxetajoies.com\/ca\/producto\/bracalet-onades-model-3\/#breadcrumb\"},\"inLanguage\":\"ca\",\"potentialAction\":[{\"@type\":\"ReadAction\",\"target\":[\"https:\/\/fardatxetajoies.com\/ca\/producto\/bracalet-onades-model-3\/\"]}]},{\"@type\":\"ImageObject\",\"inLanguage\":\"ca\",\"@id\":\"https:\/\/fardatxetajoies.com\/ca\/producto\/bracalet-onades-model-3\/#primaryimage\",\"url\":\"https:\/\/fardatxetajoies.com\/wp-content\/uploads\/2021\/04\/P_Pulsera-Olas-modelo-3.jpg\",\"contentUrl\":\"https:\/\/fardatxetajoies.com\/wp-content\/uploads\/2021\/04\/P_Pulsera-Olas-modelo-3.jpg\",\"width\":1080,\"height\":1080,\"caption\":\"pulsera artesanal de plata\"},{\"@type\":\"BreadcrumbList\",\"@id\":\"https:\/\/fardatxetajoies.com\/ca\/producto\/bracalet-onades-model-3\/#breadcrumb\",\"itemListElement\":[{\"@type\":\"ListItem\",\"position\":1,\"name\":\"Portada\",\"item\":\"https:\/\/fardatxetajoies.com\/ca\/\"},{\"@type\":\"ListItem\",\"position\":2,\"name\":\"BOTIGA\",\"item\":\"https:\/\/fardatxetajoies.com\/botiga-fardatxeta-joies\/\"},{\"@type\":\"ListItem\",\"position\":3,\"name\":\"Bra\u00e7alet Onades (model 3)\"}]},{\"@type\":\"WebSite\",\"@id\":\"https:\/\/fardatxetajoies.com\/ca\/#website\",\"url\":\"https:\/\/fardatxetajoies.com\/ca\/\",\"name\":\"fardatxetajoies.com\",\"description\":\"Joyas artesanas con alma\",\"potentialAction\":[{\"@type\":\"SearchAction\",\"target\":{\"@type\":\"EntryPoint\",\"urlTemplate\":\"https:\/\/fardatxetajoies.com\/ca\/?s={search_term_string}\"},\"query-input\":{\"@type\":\"PropertyValueSpecification\",\"valueRequired\":true,\"valueName\":\"search_term_string\"}}],\"inLanguage\":\"ca\"}]}<\/script>\n<!-- \/ Yoast SEO plugin. -->","yoast_head_json":{"title":"Polsera Onades (model 3) de la Col\u00b7lecci\u00f3 Onades de Fardatxeta Joies","description":"Polsera Onades (model 3) de la Col\u00b7lecci\u00f3 Onades de Fardatxeta Joies, joies artesanals de plata fetes a Lanzarote.","robots":{"index":"index","follow":"follow","max-snippet":"max-snippet:-1","max-image-preview":"max-image-preview:large","max-video-preview":"max-video-preview:-1"},"canonical":"https:\/\/fardatxetajoies.com\/ca\/producto\/bracalet-onades-model-3\/","og_locale":"ca_ES","og_type":"article","og_title":"Polsera Onades (model 3) de la Col\u00b7lecci\u00f3 Onades de Fardatxeta Joies","og_description":"Polsera Onades (model 3) de la Col\u00b7lecci\u00f3 Onades de Fardatxeta Joies, joies artesanals de plata fetes a Lanzarote.","og_url":"https:\/\/fardatxetajoies.com\/ca\/producto\/bracalet-onades-model-3\/","og_site_name":"fardatxetajoies.com","og_image":[{"width":1080,"height":1080,"url":"https:\/\/fardatxetajoies.com\/wp-content\/uploads\/2021\/04\/P_Pulsera-Olas-modelo-3.jpg","type":"image\/jpeg"}],"twitter_card":"summary_large_image","schema":{"@context":"https:\/\/schema.org","@graph":[{"@type":"WebPage","@id":"https:\/\/fardatxetajoies.com\/ca\/producto\/bracalet-onades-model-3\/","url":"https:\/\/fardatxetajoies.com\/ca\/producto\/bracalet-onades-model-3\/","name":"Polsera Onades (model 3) de la Col\u00b7lecci\u00f3 Onades de Fardatxeta Joies","isPartOf":{"@id":"https:\/\/fardatxetajoies.com\/ca\/#website"},"primaryImageOfPage":{"@id":"https:\/\/fardatxetajoies.com\/ca\/producto\/bracalet-onades-model-3\/#primaryimage"},"image":{"@id":"https:\/\/fardatxetajoies.com\/ca\/producto\/bracalet-onades-model-3\/#primaryimage"},"thumbnailUrl":"https:\/\/fardatxetajoies.com\/wp-content\/uploads\/2021\/04\/P_Pulsera-Olas-modelo-3.jpg","datePublished":"2021-04-09T15:06:44+00:00","description":"Polsera Onades (model 3) de la Col\u00b7lecci\u00f3 Onades de Fardatxeta Joies, joies artesanals de plata fetes a Lanzarote.","breadcrumb":{"@id":"https:\/\/fardatxetajoies.com\/ca\/producto\/bracalet-onades-model-3\/#breadcrumb"},"inLanguage":"ca","potentialAction":[{"@type":"ReadAction","target":["https:\/\/fardatxetajoies.com\/ca\/producto\/bracalet-onades-model-3\/"]}]},{"@type":"ImageObject","inLanguage":"ca","@id":"https:\/\/fardatxetajoies.com\/ca\/producto\/bracalet-onades-model-3\/#primaryimage","url":"https:\/\/fardatxetajoies.com\/wp-content\/uploads\/2021\/04\/P_Pulsera-Olas-modelo-3.jpg","contentUrl":"https:\/\/fardatxetajoies.com\/wp-content\/uploads\/2021\/04\/P_Pulsera-Olas-modelo-3.jpg","width":1080,"height":1080,"caption":"pulsera artesanal de plata"},{"@type":"BreadcrumbList","@id":"https:\/\/fardatxetajoies.com\/ca\/producto\/bracalet-onades-model-3\/#breadcrumb","itemListElement":[{"@type":"ListItem","position":1,"name":"Portada","item":"https:\/\/fardatxetajoies.com\/ca\/"},{"@type":"ListItem","position":2,"name":"BOTIGA","item":"https:\/\/fardatxetajoies.com\/botiga-fardatxeta-joies\/"},{"@type":"ListItem","position":3,"name":"Bra\u00e7alet Onades (model 3)"}]},{"@type":"WebSite","@id":"https:\/\/fardatxetajoies.com\/ca\/#website","url":"https:\/\/fardatxetajoies.com\/ca\/","name":"fardatxetajoies.com","description":"Joyas artesanas con alma","potentialAction":[{"@type":"SearchAction","target":{"@type":"EntryPoint","urlTemplate":"https:\/\/fardatxetajoies.com\/ca\/?s={search_term_string}"},"query-input":{"@type":"PropertyValueSpecification","valueRequired":true,"valueName":"search_term_string"}}],"inLanguage":"ca"}]}},"_links":{"self":[{"href":"https:\/\/fardatxetajoies.com\/ca\/wp-json\/wp\/v2\/product\/2210","targetHints":{"allow":["GET"]}}],"collection":[{"href":"https:\/\/fardatxetajoies.com\/ca\/wp-json\/wp\/v2\/product"}],"about":[{"href":"https:\/\/fardatxetajoies.com\/ca\/wp-json\/wp\/v2\/types\/product"}],"replies":[{"embeddable":true,"href":"https:\/\/fardatxetajoies.com\/ca\/wp-json\/wp\/v2\/comments?post=2210"}],"wp:featuredmedia":[{"embeddable":true,"href":"https:\/\/fardatxetajoies.com\/ca\/wp-json\/wp\/v2\/media\/2516"}],"wp:attachment":[{"href":"https:\/\/fardatxetajoies.com\/ca\/wp-json\/wp\/v2\/media?parent=2210"}],"wp:term":[{"taxonomy":"product_brand","embeddable":true,"href":"https:\/\/fardatxetajoies.com\/ca\/wp-json\/wp\/v2\/product_brand?post=2210"},{"taxonomy":"product_cat","embeddable":true,"href":"https:\/\/fardatxetajoies.com\/ca\/wp-json\/wp\/v2\/product_cat?post=2210"},{"taxonomy":"product_tag","embeddable":true,"href":"https:\/\/fardatxetajoies.com\/ca\/wp-json\/wp\/v2\/product_tag?post=2210"}],"curies":[{"name":"wp","href":"https:\/\/api.w.org\/{rel}","templated":true}]}}