{"id":2089,"date":"2021-04-07T16:21:32","date_gmt":"2021-04-07T16:21:32","guid":{"rendered":"https:\/\/fardatxetajoies.com\/producto\/anell-mar-de-lava-model-1\/"},"modified":"2025-12-13T01:23:00","modified_gmt":"2025-12-13T01:23:00","slug":"anell-mar-de-lava-model-1","status":"publish","type":"product","link":"https:\/\/fardatxetajoies.com\/ca\/producto\/anell-mar-de-lava-model-1\/","title":{"rendered":"Anell Mar de lava (model 1)"},"content":{"rendered":"","protected":false},"excerpt":{"rendered":"<p>Plata de llei. Anell ajustable, tot i que et recomano indicar la talla perqu\u00e8 pugui ajustar-lo a la teva mida. \ud83d\ude42<\/p>\n<p><strong>Important:<\/strong> consulta la nostra <a href=\"https:\/\/fardatxetajoies.com\/guia-de-tallas\/\">guia de talles d&#8217;anells<\/a> per triar la teva talla. Les talles indicades en aquesta botiga estan relacionades amb les eines mesuradores d&#8217;anells que tinc al meu taller. \u00c9s possible que si compres en una altra botiga no coincideixi aquest n\u00famero ja que en altres pa\u00efsos fan servir una altra equival\u00e8ncia. Abans de triar el teu anell, si us plau utilitza la nostra <a href=\"https:\/\/fardatxetajoies.com\/guia-de-tallas\/\">guia de talles d&#8217;anells<\/a> per con\u00e8ixer la teva talla.<\/p>\n","protected":false},"featured_media":1908,"comment_status":"open","ping_status":"closed","template":"","meta":{"_et_pb_use_builder":"","_et_pb_old_content":"","_et_gb_content_width":"","_monsterinsights_skip_tracking":false,"_monsterinsights_sitenote_active":false,"_monsterinsights_sitenote_note":"","_monsterinsights_sitenote_category":0},"product_brand":[],"product_cat":[70],"product_tag":[55],"class_list":{"0":"post-2089","1":"product","2":"type-product","3":"status-publish","4":"has-post-thumbnail","6":"product_cat-mar-de-lava-cat","7":"product_tag-anells","9":"first","10":"instock","11":"shipping-taxable","12":"purchasable","13":"product-type-variable"},"yoast_head":"<!-- This site is optimized with the Yoast SEO plugin v26.5 - https:\/\/yoast.com\/wordpress\/plugins\/seo\/ -->\n<title>Anell Mar de lava (model 1) - Col\u00b7lecci\u00f3 Mar de Lava Fardatxeta Joies<\/title>\n<meta name=\"description\" content=\"Anell Mar de Lava, model 1, de la col\u00b7lecci\u00f3 Mar de Lava per Fardatxeta Joies, joies artesanals de plata.\" \/>\n<meta name=\"robots\" content=\"index, follow, max-snippet:-1, max-image-preview:large, max-video-preview:-1\" \/>\n<link rel=\"canonical\" href=\"https:\/\/fardatxetajoies.com\/ca\/producto\/anell-mar-de-lava-model-1\/\" \/>\n<meta property=\"og:locale\" content=\"ca_ES\" \/>\n<meta property=\"og:type\" content=\"article\" \/>\n<meta property=\"og:title\" content=\"Anell Mar de lava (model 1) - Col\u00b7lecci\u00f3 Mar de Lava Fardatxeta Joies\" \/>\n<meta property=\"og:description\" content=\"Anell Mar de Lava, model 1, de la col\u00b7lecci\u00f3 Mar de Lava per Fardatxeta Joies, joies artesanals de plata.\" \/>\n<meta property=\"og:url\" content=\"https:\/\/fardatxetajoies.com\/ca\/producto\/anell-mar-de-lava-model-1\/\" \/>\n<meta property=\"og:site_name\" content=\"fardatxetajoies.com\" \/>\n<meta property=\"article:modified_time\" content=\"2025-12-13T01:23:00+00:00\" \/>\n<meta property=\"og:image\" content=\"https:\/\/fardatxetajoies.com\/wp-content\/uploads\/2021\/04\/P_Anillo-Mar-de-lava-modelo-1.jpeg\" \/>\n\t<meta property=\"og:image:width\" content=\"1200\" \/>\n\t<meta property=\"og:image:height\" content=\"1200\" \/>\n\t<meta property=\"og:image:type\" content=\"image\/jpeg\" \/>\n<meta name=\"twitter:card\" content=\"summary_large_image\" \/>\n<script type=\"application\/ld+json\" class=\"yoast-schema-graph\">{\"@context\":\"https:\/\/schema.org\",\"@graph\":[{\"@type\":\"WebPage\",\"@id\":\"https:\/\/fardatxetajoies.com\/ca\/producto\/anell-mar-de-lava-model-1\/\",\"url\":\"https:\/\/fardatxetajoies.com\/ca\/producto\/anell-mar-de-lava-model-1\/\",\"name\":\"Anell Mar de lava (model 1) - Col\u00b7lecci\u00f3 Mar de Lava Fardatxeta Joies\",\"isPartOf\":{\"@id\":\"https:\/\/fardatxetajoies.com\/ca\/#website\"},\"primaryImageOfPage\":{\"@id\":\"https:\/\/fardatxetajoies.com\/ca\/producto\/anell-mar-de-lava-model-1\/#primaryimage\"},\"image\":{\"@id\":\"https:\/\/fardatxetajoies.com\/ca\/producto\/anell-mar-de-lava-model-1\/#primaryimage\"},\"thumbnailUrl\":\"https:\/\/fardatxetajoies.com\/wp-content\/uploads\/2021\/04\/P_Anillo-Mar-de-lava-modelo-1.jpeg\",\"datePublished\":\"2021-04-07T16:21:32+00:00\",\"dateModified\":\"2025-12-13T01:23:00+00:00\",\"description\":\"Anell Mar de Lava, model 1, de la col\u00b7lecci\u00f3 Mar de Lava per Fardatxeta Joies, joies artesanals de plata.\",\"breadcrumb\":{\"@id\":\"https:\/\/fardatxetajoies.com\/ca\/producto\/anell-mar-de-lava-model-1\/#breadcrumb\"},\"inLanguage\":\"ca\",\"potentialAction\":[{\"@type\":\"ReadAction\",\"target\":[\"https:\/\/fardatxetajoies.com\/ca\/producto\/anell-mar-de-lava-model-1\/\"]}]},{\"@type\":\"ImageObject\",\"inLanguage\":\"ca\",\"@id\":\"https:\/\/fardatxetajoies.com\/ca\/producto\/anell-mar-de-lava-model-1\/#primaryimage\",\"url\":\"https:\/\/fardatxetajoies.com\/wp-content\/uploads\/2021\/04\/P_Anillo-Mar-de-lava-modelo-1.jpeg\",\"contentUrl\":\"https:\/\/fardatxetajoies.com\/wp-content\/uploads\/2021\/04\/P_Anillo-Mar-de-lava-modelo-1.jpeg\",\"width\":1200,\"height\":1200,\"caption\":\"anells de plata artesanals per regalar\"},{\"@type\":\"BreadcrumbList\",\"@id\":\"https:\/\/fardatxetajoies.com\/ca\/producto\/anell-mar-de-lava-model-1\/#breadcrumb\",\"itemListElement\":[{\"@type\":\"ListItem\",\"position\":1,\"name\":\"Portada\",\"item\":\"https:\/\/fardatxetajoies.com\/ca\/\"},{\"@type\":\"ListItem\",\"position\":2,\"name\":\"BOTIGA\",\"item\":\"https:\/\/fardatxetajoies.com\/botiga-fardatxeta-joies\/\"},{\"@type\":\"ListItem\",\"position\":3,\"name\":\"Anell Mar de lava (model 1)\"}]},{\"@type\":\"WebSite\",\"@id\":\"https:\/\/fardatxetajoies.com\/ca\/#website\",\"url\":\"https:\/\/fardatxetajoies.com\/ca\/\",\"name\":\"fardatxetajoies.com\",\"description\":\"Joyas artesanas con alma\",\"potentialAction\":[{\"@type\":\"SearchAction\",\"target\":{\"@type\":\"EntryPoint\",\"urlTemplate\":\"https:\/\/fardatxetajoies.com\/ca\/?s={search_term_string}\"},\"query-input\":{\"@type\":\"PropertyValueSpecification\",\"valueRequired\":true,\"valueName\":\"search_term_string\"}}],\"inLanguage\":\"ca\"}]}<\/script>\n<!-- \/ Yoast SEO plugin. -->","yoast_head_json":{"title":"Anell Mar de lava (model 1) - Col\u00b7lecci\u00f3 Mar de Lava Fardatxeta Joies","description":"Anell Mar de Lava, model 1, de la col\u00b7lecci\u00f3 Mar de Lava per Fardatxeta Joies, joies artesanals de plata.","robots":{"index":"index","follow":"follow","max-snippet":"max-snippet:-1","max-image-preview":"max-image-preview:large","max-video-preview":"max-video-preview:-1"},"canonical":"https:\/\/fardatxetajoies.com\/ca\/producto\/anell-mar-de-lava-model-1\/","og_locale":"ca_ES","og_type":"article","og_title":"Anell Mar de lava (model 1) - Col\u00b7lecci\u00f3 Mar de Lava Fardatxeta Joies","og_description":"Anell Mar de Lava, model 1, de la col\u00b7lecci\u00f3 Mar de Lava per Fardatxeta Joies, joies artesanals de plata.","og_url":"https:\/\/fardatxetajoies.com\/ca\/producto\/anell-mar-de-lava-model-1\/","og_site_name":"fardatxetajoies.com","article_modified_time":"2025-12-13T01:23:00+00:00","og_image":[{"width":1200,"height":1200,"url":"https:\/\/fardatxetajoies.com\/wp-content\/uploads\/2021\/04\/P_Anillo-Mar-de-lava-modelo-1.jpeg","type":"image\/jpeg"}],"twitter_card":"summary_large_image","schema":{"@context":"https:\/\/schema.org","@graph":[{"@type":"WebPage","@id":"https:\/\/fardatxetajoies.com\/ca\/producto\/anell-mar-de-lava-model-1\/","url":"https:\/\/fardatxetajoies.com\/ca\/producto\/anell-mar-de-lava-model-1\/","name":"Anell Mar de lava (model 1) - Col\u00b7lecci\u00f3 Mar de Lava Fardatxeta Joies","isPartOf":{"@id":"https:\/\/fardatxetajoies.com\/ca\/#website"},"primaryImageOfPage":{"@id":"https:\/\/fardatxetajoies.com\/ca\/producto\/anell-mar-de-lava-model-1\/#primaryimage"},"image":{"@id":"https:\/\/fardatxetajoies.com\/ca\/producto\/anell-mar-de-lava-model-1\/#primaryimage"},"thumbnailUrl":"https:\/\/fardatxetajoies.com\/wp-content\/uploads\/2021\/04\/P_Anillo-Mar-de-lava-modelo-1.jpeg","datePublished":"2021-04-07T16:21:32+00:00","dateModified":"2025-12-13T01:23:00+00:00","description":"Anell Mar de Lava, model 1, de la col\u00b7lecci\u00f3 Mar de Lava per Fardatxeta Joies, joies artesanals de plata.","breadcrumb":{"@id":"https:\/\/fardatxetajoies.com\/ca\/producto\/anell-mar-de-lava-model-1\/#breadcrumb"},"inLanguage":"ca","potentialAction":[{"@type":"ReadAction","target":["https:\/\/fardatxetajoies.com\/ca\/producto\/anell-mar-de-lava-model-1\/"]}]},{"@type":"ImageObject","inLanguage":"ca","@id":"https:\/\/fardatxetajoies.com\/ca\/producto\/anell-mar-de-lava-model-1\/#primaryimage","url":"https:\/\/fardatxetajoies.com\/wp-content\/uploads\/2021\/04\/P_Anillo-Mar-de-lava-modelo-1.jpeg","contentUrl":"https:\/\/fardatxetajoies.com\/wp-content\/uploads\/2021\/04\/P_Anillo-Mar-de-lava-modelo-1.jpeg","width":1200,"height":1200,"caption":"anells de plata artesanals per regalar"},{"@type":"BreadcrumbList","@id":"https:\/\/fardatxetajoies.com\/ca\/producto\/anell-mar-de-lava-model-1\/#breadcrumb","itemListElement":[{"@type":"ListItem","position":1,"name":"Portada","item":"https:\/\/fardatxetajoies.com\/ca\/"},{"@type":"ListItem","position":2,"name":"BOTIGA","item":"https:\/\/fardatxetajoies.com\/botiga-fardatxeta-joies\/"},{"@type":"ListItem","position":3,"name":"Anell Mar de lava (model 1)"}]},{"@type":"WebSite","@id":"https:\/\/fardatxetajoies.com\/ca\/#website","url":"https:\/\/fardatxetajoies.com\/ca\/","name":"fardatxetajoies.com","description":"Joyas artesanas con alma","potentialAction":[{"@type":"SearchAction","target":{"@type":"EntryPoint","urlTemplate":"https:\/\/fardatxetajoies.com\/ca\/?s={search_term_string}"},"query-input":{"@type":"PropertyValueSpecification","valueRequired":true,"valueName":"search_term_string"}}],"inLanguage":"ca"}]}},"_links":{"self":[{"href":"https:\/\/fardatxetajoies.com\/ca\/wp-json\/wp\/v2\/product\/2089","targetHints":{"allow":["GET"]}}],"collection":[{"href":"https:\/\/fardatxetajoies.com\/ca\/wp-json\/wp\/v2\/product"}],"about":[{"href":"https:\/\/fardatxetajoies.com\/ca\/wp-json\/wp\/v2\/types\/product"}],"replies":[{"embeddable":true,"href":"https:\/\/fardatxetajoies.com\/ca\/wp-json\/wp\/v2\/comments?post=2089"}],"wp:featuredmedia":[{"embeddable":true,"href":"https:\/\/fardatxetajoies.com\/ca\/wp-json\/wp\/v2\/media\/1908"}],"wp:attachment":[{"href":"https:\/\/fardatxetajoies.com\/ca\/wp-json\/wp\/v2\/media?parent=2089"}],"wp:term":[{"taxonomy":"product_brand","embeddable":true,"href":"https:\/\/fardatxetajoies.com\/ca\/wp-json\/wp\/v2\/product_brand?post=2089"},{"taxonomy":"product_cat","embeddable":true,"href":"https:\/\/fardatxetajoies.com\/ca\/wp-json\/wp\/v2\/product_cat?post=2089"},{"taxonomy":"product_tag","embeddable":true,"href":"https:\/\/fardatxetajoies.com\/ca\/wp-json\/wp\/v2\/product_tag?post=2089"}],"curies":[{"name":"wp","href":"https:\/\/api.w.org\/{rel}","templated":true}]}}