{"id":1541,"date":"2021-04-15T14:43:04","date_gmt":"2021-04-15T14:43:04","guid":{"rendered":"https:\/\/fardatxetajoies.com\/producto\/anell-llunatica\/"},"modified":"2025-12-13T00:53:51","modified_gmt":"2025-12-13T00:53:51","slug":"anell-llunatica","status":"publish","type":"product","link":"https:\/\/fardatxetajoies.com\/ca\/producto\/anell-llunatica\/","title":{"rendered":"Anell Lun\u00e0tica"},"content":{"rendered":"","protected":false},"excerpt":{"rendered":"<p>Plata de llei. Anell ajustable, tot i que \u00e9s recomanable indicar la talla perqu\u00e8 el pugui deixar ben ajustat a la teva mida.<\/p>\n<p><strong>Important:<\/strong> consulta la nostra <a href=\"https:\/\/fardatxetajoies.com\/guia-de-tallas\/\">guia de talles<\/a> d&#8217;anells per triar la teva talla. Les talles indicades en aquesta botiga estan relacionades amb les eines mesuradores d&#8217;anells que tinc al meu taller. \u00c9s possible que si compres en una altra botiga no coincideixi aquest n\u00famero ja que en altres pa\u00efsos fan servir una altra equival\u00e8ncia. Abans de triar el teu anell, si us plau, utilitza la nostra <a href=\"https:\/\/fardatxetajoies.com\/guia-de-tallas\/\">guia de talles<\/a> d&#8217;anells per con\u00e8ixer la teva talla.<\/p>\n<p>Totes les peces d&#8217;aquesta col\u00b7lecci\u00f3 poden tenir variacions respecte a la foto. La textura arenosa que li dono a la lluna \u00e9s aleat\u00f2ria i mai quedaran dues joies iguals, dotant-les aix\u00ed del seu car\u00e0cter \u00fanic.<\/p>\n","protected":false},"featured_media":3371,"comment_status":"open","ping_status":"closed","template":"","meta":{"_et_pb_use_builder":"","_et_pb_old_content":"","_et_gb_content_width":"","_monsterinsights_skip_tracking":false,"_monsterinsights_sitenote_active":false,"_monsterinsights_sitenote_note":"","_monsterinsights_sitenote_category":0},"product_brand":[],"product_cat":[47],"product_tag":[55],"class_list":{"0":"post-1541","1":"product","2":"type-product","3":"status-publish","4":"has-post-thumbnail","6":"product_cat-to-the-moon-ca","7":"product_tag-anells","9":"first","10":"outofstock","11":"shipping-taxable","12":"purchasable","13":"product-type-variable"},"yoast_head":"<!-- This site is optimized with the Yoast SEO plugin v26.5 - https:\/\/yoast.com\/wordpress\/plugins\/seo\/ -->\n<title>Anell Lun\u00e0tica - Col\u00b7lecci\u00f3 to the Moon de Fardatxeta Joies<\/title>\n<meta name=\"description\" content=\"Anell Lun\u00e0tica de la col\u00b7lecci\u00f3 To the Moon de Fardatxeta Joies, joies artesanals de plata. Una idea de regal perfecta.\" \/>\n<meta name=\"robots\" content=\"index, follow, max-snippet:-1, max-image-preview:large, max-video-preview:-1\" \/>\n<link rel=\"canonical\" href=\"https:\/\/fardatxetajoies.com\/ca\/producto\/anell-llunatica\/\" \/>\n<meta property=\"og:locale\" content=\"ca_ES\" \/>\n<meta property=\"og:type\" content=\"article\" \/>\n<meta property=\"og:title\" content=\"Anell Lun\u00e0tica - Col\u00b7lecci\u00f3 to the Moon de Fardatxeta Joies\" \/>\n<meta property=\"og:description\" content=\"Anell Lun\u00e0tica de la col\u00b7lecci\u00f3 To the Moon de Fardatxeta Joies, joies artesanals de plata. Una idea de regal perfecta.\" \/>\n<meta property=\"og:url\" content=\"https:\/\/fardatxetajoies.com\/ca\/producto\/anell-llunatica\/\" \/>\n<meta property=\"og:site_name\" content=\"fardatxetajoies.com\" \/>\n<meta property=\"article:modified_time\" content=\"2025-12-13T00:53:51+00:00\" \/>\n<meta property=\"og:image\" content=\"https:\/\/fardatxetajoies.com\/wp-content\/uploads\/2021\/04\/2B67581D-EAAC-465C-A162-AE7D8B4AEE4A.jpeg\" \/>\n\t<meta property=\"og:image:width\" content=\"2160\" \/>\n\t<meta property=\"og:image:height\" content=\"2160\" \/>\n\t<meta property=\"og:image:type\" content=\"image\/jpeg\" \/>\n<meta name=\"twitter:card\" content=\"summary_large_image\" \/>\n<script type=\"application\/ld+json\" class=\"yoast-schema-graph\">{\"@context\":\"https:\/\/schema.org\",\"@graph\":[{\"@type\":\"WebPage\",\"@id\":\"https:\/\/fardatxetajoies.com\/ca\/producto\/anell-llunatica\/\",\"url\":\"https:\/\/fardatxetajoies.com\/ca\/producto\/anell-llunatica\/\",\"name\":\"Anell Lun\u00e0tica - Col\u00b7lecci\u00f3 to the Moon de Fardatxeta Joies\",\"isPartOf\":{\"@id\":\"https:\/\/fardatxetajoies.com\/ca\/#website\"},\"primaryImageOfPage\":{\"@id\":\"https:\/\/fardatxetajoies.com\/ca\/producto\/anell-llunatica\/#primaryimage\"},\"image\":{\"@id\":\"https:\/\/fardatxetajoies.com\/ca\/producto\/anell-llunatica\/#primaryimage\"},\"thumbnailUrl\":\"https:\/\/fardatxetajoies.com\/wp-content\/uploads\/2021\/04\/2B67581D-EAAC-465C-A162-AE7D8B4AEE4A.jpeg\",\"datePublished\":\"2021-04-15T14:43:04+00:00\",\"dateModified\":\"2025-12-13T00:53:51+00:00\",\"description\":\"Anell Lun\u00e0tica de la col\u00b7lecci\u00f3 To the Moon de Fardatxeta Joies, joies artesanals de plata. Una idea de regal perfecta.\",\"breadcrumb\":{\"@id\":\"https:\/\/fardatxetajoies.com\/ca\/producto\/anell-llunatica\/#breadcrumb\"},\"inLanguage\":\"ca\",\"potentialAction\":[{\"@type\":\"ReadAction\",\"target\":[\"https:\/\/fardatxetajoies.com\/ca\/producto\/anell-llunatica\/\"]}]},{\"@type\":\"ImageObject\",\"inLanguage\":\"ca\",\"@id\":\"https:\/\/fardatxetajoies.com\/ca\/producto\/anell-llunatica\/#primaryimage\",\"url\":\"https:\/\/fardatxetajoies.com\/wp-content\/uploads\/2021\/04\/2B67581D-EAAC-465C-A162-AE7D8B4AEE4A.jpeg\",\"contentUrl\":\"https:\/\/fardatxetajoies.com\/wp-content\/uploads\/2021\/04\/2B67581D-EAAC-465C-A162-AE7D8B4AEE4A.jpeg\",\"width\":2160,\"height\":2160},{\"@type\":\"BreadcrumbList\",\"@id\":\"https:\/\/fardatxetajoies.com\/ca\/producto\/anell-llunatica\/#breadcrumb\",\"itemListElement\":[{\"@type\":\"ListItem\",\"position\":1,\"name\":\"Portada\",\"item\":\"https:\/\/fardatxetajoies.com\/ca\/\"},{\"@type\":\"ListItem\",\"position\":2,\"name\":\"BOTIGA\",\"item\":\"https:\/\/fardatxetajoies.com\/botiga-fardatxeta-joies\/\"},{\"@type\":\"ListItem\",\"position\":3,\"name\":\"Anell Lun\u00e0tica\"}]},{\"@type\":\"WebSite\",\"@id\":\"https:\/\/fardatxetajoies.com\/ca\/#website\",\"url\":\"https:\/\/fardatxetajoies.com\/ca\/\",\"name\":\"fardatxetajoies.com\",\"description\":\"Joyas artesanas con alma\",\"potentialAction\":[{\"@type\":\"SearchAction\",\"target\":{\"@type\":\"EntryPoint\",\"urlTemplate\":\"https:\/\/fardatxetajoies.com\/ca\/?s={search_term_string}\"},\"query-input\":{\"@type\":\"PropertyValueSpecification\",\"valueRequired\":true,\"valueName\":\"search_term_string\"}}],\"inLanguage\":\"ca\"}]}<\/script>\n<!-- \/ Yoast SEO plugin. -->","yoast_head_json":{"title":"Anell Lun\u00e0tica - Col\u00b7lecci\u00f3 to the Moon de Fardatxeta Joies","description":"Anell Lun\u00e0tica de la col\u00b7lecci\u00f3 To the Moon de Fardatxeta Joies, joies artesanals de plata. Una idea de regal perfecta.","robots":{"index":"index","follow":"follow","max-snippet":"max-snippet:-1","max-image-preview":"max-image-preview:large","max-video-preview":"max-video-preview:-1"},"canonical":"https:\/\/fardatxetajoies.com\/ca\/producto\/anell-llunatica\/","og_locale":"ca_ES","og_type":"article","og_title":"Anell Lun\u00e0tica - Col\u00b7lecci\u00f3 to the Moon de Fardatxeta Joies","og_description":"Anell Lun\u00e0tica de la col\u00b7lecci\u00f3 To the Moon de Fardatxeta Joies, joies artesanals de plata. Una idea de regal perfecta.","og_url":"https:\/\/fardatxetajoies.com\/ca\/producto\/anell-llunatica\/","og_site_name":"fardatxetajoies.com","article_modified_time":"2025-12-13T00:53:51+00:00","og_image":[{"width":2160,"height":2160,"url":"https:\/\/fardatxetajoies.com\/wp-content\/uploads\/2021\/04\/2B67581D-EAAC-465C-A162-AE7D8B4AEE4A.jpeg","type":"image\/jpeg"}],"twitter_card":"summary_large_image","schema":{"@context":"https:\/\/schema.org","@graph":[{"@type":"WebPage","@id":"https:\/\/fardatxetajoies.com\/ca\/producto\/anell-llunatica\/","url":"https:\/\/fardatxetajoies.com\/ca\/producto\/anell-llunatica\/","name":"Anell Lun\u00e0tica - Col\u00b7lecci\u00f3 to the Moon de Fardatxeta Joies","isPartOf":{"@id":"https:\/\/fardatxetajoies.com\/ca\/#website"},"primaryImageOfPage":{"@id":"https:\/\/fardatxetajoies.com\/ca\/producto\/anell-llunatica\/#primaryimage"},"image":{"@id":"https:\/\/fardatxetajoies.com\/ca\/producto\/anell-llunatica\/#primaryimage"},"thumbnailUrl":"https:\/\/fardatxetajoies.com\/wp-content\/uploads\/2021\/04\/2B67581D-EAAC-465C-A162-AE7D8B4AEE4A.jpeg","datePublished":"2021-04-15T14:43:04+00:00","dateModified":"2025-12-13T00:53:51+00:00","description":"Anell Lun\u00e0tica de la col\u00b7lecci\u00f3 To the Moon de Fardatxeta Joies, joies artesanals de plata. Una idea de regal perfecta.","breadcrumb":{"@id":"https:\/\/fardatxetajoies.com\/ca\/producto\/anell-llunatica\/#breadcrumb"},"inLanguage":"ca","potentialAction":[{"@type":"ReadAction","target":["https:\/\/fardatxetajoies.com\/ca\/producto\/anell-llunatica\/"]}]},{"@type":"ImageObject","inLanguage":"ca","@id":"https:\/\/fardatxetajoies.com\/ca\/producto\/anell-llunatica\/#primaryimage","url":"https:\/\/fardatxetajoies.com\/wp-content\/uploads\/2021\/04\/2B67581D-EAAC-465C-A162-AE7D8B4AEE4A.jpeg","contentUrl":"https:\/\/fardatxetajoies.com\/wp-content\/uploads\/2021\/04\/2B67581D-EAAC-465C-A162-AE7D8B4AEE4A.jpeg","width":2160,"height":2160},{"@type":"BreadcrumbList","@id":"https:\/\/fardatxetajoies.com\/ca\/producto\/anell-llunatica\/#breadcrumb","itemListElement":[{"@type":"ListItem","position":1,"name":"Portada","item":"https:\/\/fardatxetajoies.com\/ca\/"},{"@type":"ListItem","position":2,"name":"BOTIGA","item":"https:\/\/fardatxetajoies.com\/botiga-fardatxeta-joies\/"},{"@type":"ListItem","position":3,"name":"Anell Lun\u00e0tica"}]},{"@type":"WebSite","@id":"https:\/\/fardatxetajoies.com\/ca\/#website","url":"https:\/\/fardatxetajoies.com\/ca\/","name":"fardatxetajoies.com","description":"Joyas artesanas con alma","potentialAction":[{"@type":"SearchAction","target":{"@type":"EntryPoint","urlTemplate":"https:\/\/fardatxetajoies.com\/ca\/?s={search_term_string}"},"query-input":{"@type":"PropertyValueSpecification","valueRequired":true,"valueName":"search_term_string"}}],"inLanguage":"ca"}]}},"_links":{"self":[{"href":"https:\/\/fardatxetajoies.com\/ca\/wp-json\/wp\/v2\/product\/1541","targetHints":{"allow":["GET"]}}],"collection":[{"href":"https:\/\/fardatxetajoies.com\/ca\/wp-json\/wp\/v2\/product"}],"about":[{"href":"https:\/\/fardatxetajoies.com\/ca\/wp-json\/wp\/v2\/types\/product"}],"replies":[{"embeddable":true,"href":"https:\/\/fardatxetajoies.com\/ca\/wp-json\/wp\/v2\/comments?post=1541"}],"wp:featuredmedia":[{"embeddable":true,"href":"https:\/\/fardatxetajoies.com\/ca\/wp-json\/wp\/v2\/media\/3371"}],"wp:attachment":[{"href":"https:\/\/fardatxetajoies.com\/ca\/wp-json\/wp\/v2\/media?parent=1541"}],"wp:term":[{"taxonomy":"product_brand","embeddable":true,"href":"https:\/\/fardatxetajoies.com\/ca\/wp-json\/wp\/v2\/product_brand?post=1541"},{"taxonomy":"product_cat","embeddable":true,"href":"https:\/\/fardatxetajoies.com\/ca\/wp-json\/wp\/v2\/product_cat?post=1541"},{"taxonomy":"product_tag","embeddable":true,"href":"https:\/\/fardatxetajoies.com\/ca\/wp-json\/wp\/v2\/product_tag?post=1541"}],"curies":[{"name":"wp","href":"https:\/\/api.w.org\/{rel}","templated":true}]}}