{"id":823,"date":"2021-04-01T10:51:15","date_gmt":"2021-04-01T10:51:15","guid":{"rendered":"https:\/\/fardatxetajoies.com\/?page_id=823"},"modified":"2021-04-01T11:00:21","modified_gmt":"2021-04-01T11:00:21","slug":"politica-de-privacitat","status":"publish","type":"page","link":"https:\/\/fardatxetajoies.com\/ca\/politica-de-privacitat\/","title":{"rendered":"POL\u00cdTICA DE PRIVACITAT"},"content":{"rendered":"\n<p><strong>POL\u00cdTICA DE PRIVACITAT<\/strong><br>Laia Castell\u00e0 Cortina, DNI 46064459J, responsable de l&#8217;tractament de les dades facilitades pels usuaris de la seva p\u00e0gina web.<br>Les dades personals facilitades a trav\u00e9s d&#8217;aquesta p\u00e0gina web seran tractades per Laia Castell\u00e0 Cortina (en endavant, L&#8217;EMPRESA), les dades de contacte s\u00f3n les seg\u00fcents:<br>\u2022 Domicili social: C \/ Sancocho, 94, 35561 Mozaga &#8211; Lanzarote &#8211; Espanya.<br>\u2022 Direcci\u00f3 de correu electr\u00f2nic: <a href=\"mailto:fardatxetajoies@gmail.com\">fardatxetajoies@gmail.com<\/a>.<br>S&#8217;informa als usuaris d&#8217;aquesta p\u00e0gina web que les dades de car\u00e0cter personal que facilitin a trav\u00e9s d&#8217;ella, tant omplint qualsevol formulari, com a trav\u00e9s de correu electr\u00f2nic o per qualsevol altre mitj\u00e0, seran tractats de conformitat amb la present Pol\u00edtica de Privacitat .<br>Les dades facilitades seran tractades amb les seg\u00fcents finalitats: resposta a consultes diverses i enviament d&#8217;informaci\u00f3 comercial sobre les activitats i serveis oferts per Fardatxeta Joies.<br>\u2022 Remissi\u00f3 de comunicacions comercials per qualsevol mitj\u00e0. A trav\u00e9s d&#8217;aquestes comunicacions, s&#8217;informar\u00e0 als usuaris sobre els diferents serveis oferts per L&#8217;EMPRESA, aix\u00ed com els esdeveniments organitzats per la mateixa.<br>\u2022 Donar resposta a les sol\u00b7licituds d&#8217;informaci\u00f3 plantejades per l&#8217;usuari.<br>\u2022 Tramitar les inscripcions als esdeveniments i activitats en qu\u00e8 vulguin participar els usuaris. En aquest sup\u00f2sit, les imatges o v\u00eddeos realitzats dels participants de manera particular durant el desenvolupament dels mateixos es poden publicar en la web de l&#8217;entitat, a les seves xarxes socials, en revistes corporatives, taulers d&#8217;anuncis i qualsevol altre mitj\u00e0 de comunicaci\u00f3 an\u00e0leg titularitat de l&#8217;empresa, amb la finalitat de promocionar aquestes activitats o esdeveniments.<br>Les dades seran tractades sobre la base jur\u00eddica de l&#8217;consentiment de la persona que els proporciona. Pot retirar el consentiment en qualsevol moment, si b\u00e9 aix\u00f2 no afectar\u00e0 la licitud dels tractaments efectuats amb anterioritat. El fet de facilitar les dades \u00e9s voluntari, tot i que, en cas de no fer-ho, no es podran tractar per a les finalitats indicades.<br>En aquest sup\u00f2sit, les dades seran tractades sobre la base de la relaci\u00f3 jur\u00eddica-contractual mantinguda entre les parts. El lliurament de les dades per a aquesta finalitat \u00e9s obligat\u00f2ria, no podent-se tramitar les reserves i prestar els serveis corresponents en cas contrari.<br>Les dades seran conservades durant el temps necessari per donar resposta a la seva sol\u00b7licitud, petici\u00f3, consulta o reclamaci\u00f3 i donar aquesta per definitivament tancada, llevat que l&#8217;interessat s&#8217;oposi a la seg\u00fcent adre\u00e7a <a href=\"mailto:fardatxetajoies@gmail.com\">fardatxetajoies@gmail.com<\/a>. Posteriorment, seran conservats a manera de hist\u00f2ric de comunicacions, llevat que l&#8217;usuari sol\u00b7liciti la seva supressi\u00f3, a l&#8217;correu electr\u00f2nic indicat anteriorment. Aix\u00ed mateix, en el cas que l&#8217;usuari s&#8217;inscrigui a un esdeveniment, les dades podran ser conservades mentre duri l&#8217;esdeveniment, l&#8217;activitat o la prestaci\u00f3 de serveis que hagi sol\u00b7licitat, i fins i tot posteriorment, per donar resposta a les possibles responsabilitats legals nascudes com conseq\u00fc\u00e8ncia de l&#8217;servei prestat o de l&#8217;esdeveniment o activitat desenvolupat. En el cas que les dades siguin tractades per remetre comunicacions comercials o s&#8217;hagi autoritzat l&#8217;\u00fas de la imatge d&#8217;acord al que indica el punt 3, aquestes dades podran ser emmagatzemades de manera indefinida per a la finalitat indicada, llevat que l&#8217;usuari no hagi donat el seu consentiment o s&#8217;hagi oposat posteriorment.<br>L&#8217;usuari accepta el tractament i la inclusi\u00f3 de les dades obtingudes durant la navegaci\u00f3 per la p\u00e0gina web, o proporcionades omplint de qualsevol formulari d&#8217;acord amb el que indica anteriorment.<br>Si es faciliten a trav\u00e9s d&#8217;aquesta web dades de tercers, qui ho faci assumeix la responsabilitat d&#8217;haver obtingut pr\u00e8viament el consentiment, informant-los de tot el que preveu l&#8217;article 14 de l&#8217;Reglament General de Protecci\u00f3 de Dades.<\/p>\n\n\n\n<p>Aix\u00ed mateix, L&#8217;EMPRESA informa que a trav\u00e9s de les seves xarxes socials es publicaran esdeveniments, promocions o qualsevol altre tipus d&#8217;informaci\u00f3 publicit\u00e0ria sobre els serveis que ofereix, acceptant l&#8217;usuari ser destinatari d&#8217;aquesta informaci\u00f3 pel simple fet de fer-se &#8220;amic&#8221; o seguidor &#8220;de l&#8217;EMPRESA a les xarxes socials. Si l&#8217;Usuari no desitja rebre aquesta informaci\u00f3 en els seus perfils de les xarxes socials, ha de deixar de seguir a L&#8217;EMPRESA en les mateixes.<\/p>\n\n\n\n<p>L&#8217;Usuari podr\u00e0 exercir, respecte de les dades obtingudes, els drets reconeguts en la normativa de protecci\u00f3 de dades, i en particular els drets d&#8217;acc\u00e9s, rectificaci\u00f3, cancel\u00b7laci\u00f3, oposici\u00f3, limitaci\u00f3 i portabilitat, sempre que result\u00e9s legalment pertinent. Aquests drets podran exercir-se per cada Usuari mitjan\u00e7ant l&#8217;enviament d&#8217;una sol\u00b7licitud escrita i signada, acompanyada d&#8217;una fotoc\u00f2pia del DNI de l&#8217;interessat i de la petici\u00f3 en qu\u00e8 es concreta la seva sol\u00b7licitud, a el domicili indicat a l&#8217;inici de la present Pol\u00edtica de Privacitat.<\/p>\n\n\n\n<p>L&#8217;EMPRESA es compromet en la utilitzaci\u00f3 de les dades personals facilitades d&#8217;acord amb les finalitats indicades en aquesta Pol\u00edtica de Privacitat, respectant la seva confidencialitat aix\u00ed com a donar compliment a la seva obligaci\u00f3 de guardar i adaptar totes les mesures per evitar l&#8217;alteraci\u00f3, p\u00e8rdua, tractament o acc\u00e9s no autoritzat, d&#8217;acord amb la normativa de protecci\u00f3 de dades vigent.<br>L&#8217;EMPRESA garanteix la confidencialitat i seguretat de les seves dades de car\u00e0cter personal, tenint implantades les pol\u00edtiques i mesures d&#8217;\u00edndole t\u00e8cniques i organitzatives necess\u00e0ries per al tractament de dades personals, tal com estableix l&#8217;article 14 de l&#8217;Reglament General de Protecci\u00f3 de Dades (RGPD) . Aquestes mesures i pol\u00edtiques eviten l&#8217;alteraci\u00f3, p\u00e8rdua, tractament o \u00fas no autoritzat de les seves dades de car\u00e0cter personal.<br>La responsabilitat sobre la veracitat de les dades introdu\u00efdes tant en la web com en les xarxes socials utilitzades per la mateixa, \u00e9s exclusiva de l&#8217;usuari, d&#8217;aquesta el responsable de facilitar dades veritables, exactes, completes i actualitzades, sent responsable en cas contrari per facilitar dades inexactes.<br>En el cas que s&#8217;hagin proporcionat dades de terceres persones \u00e9s responsabilitat de qui ho faci informals de tot el que estableix aquesta cl\u00e0usula i, en concret, del que preveu l&#8217;article 14 de l&#8217;Reglament General de Protecci\u00f3 de Dades i haver obtingut el seu previ consentiment per a aix\u00f2. Podran exercir els drets d&#8217;acc\u00e9s, rectificaci\u00f3, supressi\u00f3, limitaci\u00f3, portabilitat i oposici\u00f3 mitjan\u00e7ant escrit, a qu\u00e8 s&#8217;adjunti c\u00f2pia de l&#8217;DNI, dirigit a l&#8217;adre\u00e7a de correu electr\u00f2nic dalt indicat. Davant de qualsevol vulneraci\u00f3 dels seus drets, pot presentar una reclamaci\u00f3 davant l&#8217;Ag\u00e8ncia Espanyola de Protecci\u00f3 de Dades.<\/p>\n\n\n\n<p><strong>\u00daS DE COOKIES<\/strong><br>Qu\u00e8 \u00e9s una cookie?<br>Una cookie \u00e9s un fitxer que es descarrega al seu ordinador a l&#8217;accedir a determinades p\u00e0gines web. Les cookies permeten a una p\u00e0gina web, entre altres coses, emmagatzemar i recuperar informaci\u00f3 sobre els h\u00e0bits de navegaci\u00f3 d&#8217;un usuari o del seu equip i, depenent de la informaci\u00f3 que continguin i de la forma en qu\u00e8 s&#8217;utilitzi el seu equip, poden servir per recon\u00e8ixer-ho.<br>No obstant aix\u00f2, aquests mitjans nom\u00e9s obtenen informaci\u00f3 relacionada amb el nombre de p\u00e0gines visites, la ciutat a la qual est\u00e0 assignada l&#8217;adre\u00e7a IP des de la qual s&#8217;accedeix, el nombre de nous usuaris, la freq\u00fc\u00e8ncia i reincid\u00e8ncia de les visites, el temps de visita , el navegador o l&#8217;operador o tipus de terminal des del qual es realitza la visita. En cap cas s&#8217;obtenen dades sobre el nom, cognoms, adre\u00e7a postal o altres dades an\u00e0legs de l&#8217;usuari que s&#8217;ha connectat.<\/p>\n\n\n\n<p><strong>Quins tipus de cookies hi ha?<\/strong><br>Les cookies poden ser pr\u00f2pies o de tercers. Les pr\u00f2pies s\u00f3n aquelles que s&#8217;envien a l&#8217;equip terminal de l&#8217;usuari des d&#8217;un equip o domini gestionat pel propi editor de la web, des del qual es presta el servei sol\u00b7licitat per l&#8217;usuari. Les cookies de tercer s\u00f3n aquelles que s&#8217;envien a l&#8217;equip terminal de l&#8217;usuari des d&#8217;un equip o domini que no \u00e9s gestionat per l&#8217;editor, sin\u00f3 per una altra entitat que tracta les dades obtingudes mitjan\u00e7ant les cookies.<br>A m\u00e9s, les cookies poden ser de sessi\u00f3 o persistents. Les primeres s\u00f3n un tipus de cookies dissenyades per a demanar i emmagatzemar dades mentre l&#8217;usuari accedeix a una p\u00e0gina web. Les persistents s\u00f3n un tipus de cookies que fa que les dades segueixin emmagatzemades al terminal i puguin ser accedits i tractats durant un per\u00edode definit pel responsable de la galeta, que pot anar d&#8217;uns minuts a diversos anys.<br><strong>Quines s\u00f3n les cookies que utilitza aquest web?<\/strong><br>Aquesta Web utilitza cookies pr\u00f2pies, que tenen per finalitat identificar l&#8217;usuari i recordar les prefer\u00e8ncies de navegaci\u00f3, com ara l&#8217;idioma en qu\u00e8 ha de mostrar-la web.<br>Aquesta Web utilitza les seg\u00fcents galetes de tercers:<br>\u2022 Cookies publicit\u00e0ries: S\u00f3n aquelles que permeten la gesti\u00f3, de la forma m\u00e9s efica\u00e7 possible, dels espais publicitaris que, si escau, l&#8217;editor hagi incl\u00f2s en una p\u00e0gina web, aplicaci\u00f3 o plataforma des de la qual presta el servei sol\u00b7licitat, basant a criteris com el contingut editat o la freq\u00fc\u00e8ncia en qu\u00e8 es mostren els anuncis.<br>\u2022 Cookies d&#8217;an\u00e0lisi: S\u00f3n aquelles que, ben tractades per nosaltres o per tercers, ens permeten quantificar el nombre d&#8217;usuaris i examinar la seva navegaci\u00f3, podent aix\u00ed realitzar el mesurament i an\u00e0lisi estad\u00edstica de la utilitzaci\u00f3 que fan els usuaris. Per aix\u00f2 s&#8217;analitza la seva navegaci\u00f3 a la nostra p\u00e0gina web per tal de millorar els continguts de la mateixa i prestar un millor servei a trav\u00e9s d&#8217;ella.<br>Les aplicacions que utilitzen aquests tercers s\u00f3n les seg\u00fcents:<\/p>\n\n\n\n<p>\u2022 Per a les cookies publicit\u00e0ries, Double Click, Double Click Ad Exchange-Buyer i Google Dynamic Remarketing, pertanyents a Google (https:\/\/support.google.com\/adsense\/answer\/2839090?hl=es).<br>\u2022 Per a les cookies d&#8217;an\u00e0lisi, Google Analytics, pertanyent a Google (https:\/\/developers.google.com\/analytics\/devg<\/p>\n","protected":false},"excerpt":{"rendered":"<p>POL\u00cdTICA DE PRIVACITATLaia Castell\u00e0 Cortina, DNI 46064459J, responsable de l&#8217;tractament de les dades facilitades pels usuaris de la seva p\u00e0gina web.Les dades personals facilitades a trav\u00e9s d&#8217;aquesta p\u00e0gina web seran tractades per Laia Castell\u00e0 Cortina (en endavant, L&#8217;EMPRESA), les dades de contacte s\u00f3n les seg\u00fcents:\u2022 Domicili social: C \/ Sancocho, 94, 35561 Mozaga &#8211; Lanzarote [&hellip;]<\/p>\n","protected":false},"author":1,"featured_media":0,"parent":0,"menu_order":0,"comment_status":"closed","ping_status":"closed","template":"","meta":{"_et_pb_use_builder":"off","_et_pb_old_content":"","_et_gb_content_width":"","_monsterinsights_skip_tracking":false,"_monsterinsights_sitenote_active":false,"_monsterinsights_sitenote_note":"","_monsterinsights_sitenote_category":0,"footnotes":""},"class_list":["post-823","page","type-page","status-publish","hentry"],"yoast_head":"<!-- This site is optimized with the Yoast SEO plugin v26.5 - https:\/\/yoast.com\/wordpress\/plugins\/seo\/ -->\n<title>Pol\u00edtica de Privacitat - Fardatxeta Joies, joies artesanals de plata<\/title>\n<meta name=\"description\" content=\"Consulta la pol\u00edtica de privacitat de Fardatxeta Joies, joies artesanals de plata, en aquesta p\u00e0gina.\" \/>\n<meta name=\"robots\" content=\"index, follow, max-snippet:-1, max-image-preview:large, max-video-preview:-1\" \/>\n<link rel=\"canonical\" href=\"https:\/\/fardatxetajoies.com\/ca\/politica-de-privacitat\/\" \/>\n<meta property=\"og:locale\" content=\"ca_ES\" \/>\n<meta property=\"og:type\" content=\"article\" \/>\n<meta property=\"og:title\" content=\"Pol\u00edtica de Privacitat - Fardatxeta Joies, joies artesanals de plata\" \/>\n<meta property=\"og:description\" content=\"Consulta la pol\u00edtica de privacitat de Fardatxeta Joies, joies artesanals de plata, en aquesta p\u00e0gina.\" \/>\n<meta property=\"og:url\" content=\"https:\/\/fardatxetajoies.com\/ca\/politica-de-privacitat\/\" \/>\n<meta property=\"og:site_name\" content=\"fardatxetajoies.com\" \/>\n<meta property=\"article:modified_time\" content=\"2021-04-01T11:00:21+00:00\" \/>\n<meta name=\"twitter:card\" content=\"summary_large_image\" \/>\n<meta name=\"twitter:label1\" content=\"Temps estimat de lectura\" \/>\n\t<meta name=\"twitter:data1\" content=\"7 minuts\" \/>\n<script type=\"application\/ld+json\" class=\"yoast-schema-graph\">{\"@context\":\"https:\/\/schema.org\",\"@graph\":[{\"@type\":\"WebPage\",\"@id\":\"https:\/\/fardatxetajoies.com\/ca\/politica-de-privacitat\/\",\"url\":\"https:\/\/fardatxetajoies.com\/ca\/politica-de-privacitat\/\",\"name\":\"Pol\u00edtica de Privacitat - Fardatxeta Joies, joies artesanals de plata\",\"isPartOf\":{\"@id\":\"https:\/\/fardatxetajoies.com\/ca\/#website\"},\"datePublished\":\"2021-04-01T10:51:15+00:00\",\"dateModified\":\"2021-04-01T11:00:21+00:00\",\"description\":\"Consulta la pol\u00edtica de privacitat de Fardatxeta Joies, joies artesanals de plata, en aquesta p\u00e0gina.\",\"breadcrumb\":{\"@id\":\"https:\/\/fardatxetajoies.com\/ca\/politica-de-privacitat\/#breadcrumb\"},\"inLanguage\":\"ca\",\"potentialAction\":[{\"@type\":\"ReadAction\",\"target\":[\"https:\/\/fardatxetajoies.com\/ca\/politica-de-privacitat\/\"]}]},{\"@type\":\"BreadcrumbList\",\"@id\":\"https:\/\/fardatxetajoies.com\/ca\/politica-de-privacitat\/#breadcrumb\",\"itemListElement\":[{\"@type\":\"ListItem\",\"position\":1,\"name\":\"Portada\",\"item\":\"https:\/\/fardatxetajoies.com\/ca\/\"},{\"@type\":\"ListItem\",\"position\":2,\"name\":\"POL\u00cdTICA DE PRIVACITAT\"}]},{\"@type\":\"WebSite\",\"@id\":\"https:\/\/fardatxetajoies.com\/ca\/#website\",\"url\":\"https:\/\/fardatxetajoies.com\/ca\/\",\"name\":\"fardatxetajoies.com\",\"description\":\"Joyas artesanas con alma\",\"potentialAction\":[{\"@type\":\"SearchAction\",\"target\":{\"@type\":\"EntryPoint\",\"urlTemplate\":\"https:\/\/fardatxetajoies.com\/ca\/?s={search_term_string}\"},\"query-input\":{\"@type\":\"PropertyValueSpecification\",\"valueRequired\":true,\"valueName\":\"search_term_string\"}}],\"inLanguage\":\"ca\"}]}<\/script>\n<!-- \/ Yoast SEO plugin. -->","yoast_head_json":{"title":"Pol\u00edtica de Privacitat - Fardatxeta Joies, joies artesanals de plata","description":"Consulta la pol\u00edtica de privacitat de Fardatxeta Joies, joies artesanals de plata, en aquesta p\u00e0gina.","robots":{"index":"index","follow":"follow","max-snippet":"max-snippet:-1","max-image-preview":"max-image-preview:large","max-video-preview":"max-video-preview:-1"},"canonical":"https:\/\/fardatxetajoies.com\/ca\/politica-de-privacitat\/","og_locale":"ca_ES","og_type":"article","og_title":"Pol\u00edtica de Privacitat - Fardatxeta Joies, joies artesanals de plata","og_description":"Consulta la pol\u00edtica de privacitat de Fardatxeta Joies, joies artesanals de plata, en aquesta p\u00e0gina.","og_url":"https:\/\/fardatxetajoies.com\/ca\/politica-de-privacitat\/","og_site_name":"fardatxetajoies.com","article_modified_time":"2021-04-01T11:00:21+00:00","twitter_card":"summary_large_image","twitter_misc":{"Temps estimat de lectura":"7 minuts"},"schema":{"@context":"https:\/\/schema.org","@graph":[{"@type":"WebPage","@id":"https:\/\/fardatxetajoies.com\/ca\/politica-de-privacitat\/","url":"https:\/\/fardatxetajoies.com\/ca\/politica-de-privacitat\/","name":"Pol\u00edtica de Privacitat - Fardatxeta Joies, joies artesanals de plata","isPartOf":{"@id":"https:\/\/fardatxetajoies.com\/ca\/#website"},"datePublished":"2021-04-01T10:51:15+00:00","dateModified":"2021-04-01T11:00:21+00:00","description":"Consulta la pol\u00edtica de privacitat de Fardatxeta Joies, joies artesanals de plata, en aquesta p\u00e0gina.","breadcrumb":{"@id":"https:\/\/fardatxetajoies.com\/ca\/politica-de-privacitat\/#breadcrumb"},"inLanguage":"ca","potentialAction":[{"@type":"ReadAction","target":["https:\/\/fardatxetajoies.com\/ca\/politica-de-privacitat\/"]}]},{"@type":"BreadcrumbList","@id":"https:\/\/fardatxetajoies.com\/ca\/politica-de-privacitat\/#breadcrumb","itemListElement":[{"@type":"ListItem","position":1,"name":"Portada","item":"https:\/\/fardatxetajoies.com\/ca\/"},{"@type":"ListItem","position":2,"name":"POL\u00cdTICA DE PRIVACITAT"}]},{"@type":"WebSite","@id":"https:\/\/fardatxetajoies.com\/ca\/#website","url":"https:\/\/fardatxetajoies.com\/ca\/","name":"fardatxetajoies.com","description":"Joyas artesanas con alma","potentialAction":[{"@type":"SearchAction","target":{"@type":"EntryPoint","urlTemplate":"https:\/\/fardatxetajoies.com\/ca\/?s={search_term_string}"},"query-input":{"@type":"PropertyValueSpecification","valueRequired":true,"valueName":"search_term_string"}}],"inLanguage":"ca"}]}},"_links":{"self":[{"href":"https:\/\/fardatxetajoies.com\/ca\/wp-json\/wp\/v2\/pages\/823","targetHints":{"allow":["GET"]}}],"collection":[{"href":"https:\/\/fardatxetajoies.com\/ca\/wp-json\/wp\/v2\/pages"}],"about":[{"href":"https:\/\/fardatxetajoies.com\/ca\/wp-json\/wp\/v2\/types\/page"}],"author":[{"embeddable":true,"href":"https:\/\/fardatxetajoies.com\/ca\/wp-json\/wp\/v2\/users\/1"}],"replies":[{"embeddable":true,"href":"https:\/\/fardatxetajoies.com\/ca\/wp-json\/wp\/v2\/comments?post=823"}],"version-history":[{"count":1,"href":"https:\/\/fardatxetajoies.com\/ca\/wp-json\/wp\/v2\/pages\/823\/revisions"}],"predecessor-version":[{"id":825,"href":"https:\/\/fardatxetajoies.com\/ca\/wp-json\/wp\/v2\/pages\/823\/revisions\/825"}],"wp:attachment":[{"href":"https:\/\/fardatxetajoies.com\/ca\/wp-json\/wp\/v2\/media?parent=823"}],"curies":[{"name":"wp","href":"https:\/\/api.w.org\/{rel}","templated":true}]}}