{"id":816,"date":"2021-04-01T10:36:53","date_gmt":"2021-04-01T10:36:53","guid":{"rendered":"https:\/\/fardatxetajoies.com\/?page_id=816"},"modified":"2025-10-15T11:45:49","modified_gmt":"2025-10-15T11:45:49","slug":"politica-enviament-i-devolucions","status":"publish","type":"page","link":"https:\/\/fardatxetajoies.com\/ca\/politica-enviament-i-devolucions\/","title":{"rendered":"POL\u00cdTICA D&#8217;ENVIAMENT I DEVOLUCIONS"},"content":{"rendered":"\n<h3 class=\"wp-block-heading\">A. Enviaments<\/h3>\n\n<h4 class=\"wp-block-heading\">1. Informaci\u00f3 d&#8217;enviament<\/h4>\n\n<p>Totes les comandes seran enviades per Correus com a carta o paquet certificat. El fet que sigui certificat assegura que el paquet nom\u00e9s ser\u00e0 lliurat en m\u00e0 i el client sempre disposar\u00e0 d&#8217;un n\u00famero de seguiment on podr\u00e0 anar consultant l&#8217;estat del seu enviament. El temps m\u00e0xim de lliurament seran uns vint dies h\u00e0bils. (Aquest temps inclou la preparaci\u00f3 de la comanda en cas de no disposar d&#8217;estoc i els dies d&#8217;enviament) Aquest temps \u00e9s aproximat i podr\u00e0 estar subjecte a retards pel servei d&#8217;enviament de Correus o tr\u00e0mits duaners.<\/p>\n\n<p>Considerem dia h\u00e0bil els dies laborables de dilluns a divendres, exceptuant els festius oficials marcats en el calendari oficial.<br\/>Les despeses d&#8217;enviament seran les especificades en el proc\u00e9s de finalitzaci\u00f3 de compra de la seva comanda.<\/p>\n\n<h4 class=\"wp-block-heading\">2. Zones d&#8217;enviament<\/h4>\n\n<p><strong>Enviem a tota l&#8217;Europa Occidental, incl\u00f2s el Regne Unit.<\/strong><br\/>Podr\u00e0 consultar si el seu pa\u00eds est\u00e0 entre els pa\u00efsos als quals enviem en el moment de realitzar la seva comanda. Si no fos el cas pot contactar amb nosaltres per email a <a href=\"mailto:fardatxetajoies@gmail.com\">fardatxetajoies@gmail.com<\/a> perqu\u00e8 puguem oferir-li un enviament a mida, si \u00e9s possible.<\/p>\n\n<hr class=\"wp-block-separator has-css-opacity\"\/>\n\n<h3 class=\"wp-block-heading\">B. Devolucions<\/h3>\n\n<p>El reemborsament es realitzar\u00e0 directament a la targeta de cr\u00e8dit\/d\u00e8bit o PayPal utilitzada en la comanda original en el termini de 30 dies, un cop inspeccionat l&#8217;article retornat i comprovat que es troba en correctes condicions. En cas que l&#8217;article no es trobi en correctes condicions, ens reservem el dret de no retornar els diners de la comanda.<\/p>\n\n<h4 class=\"wp-block-heading\">1. Productes retornats per desistiment del consumidor <\/h4>\n\n<p><strong>El client disposar\u00e0 d&#8217;un termini de 15 dies h\u00e0bils<\/strong> comptats a partir de la data de recepci\u00f3 del producte per a la devoluci\u00f3 del mateix. Excepte que la devoluci\u00f3 sigui realitzada per defectes en el producte, i que aquests defectes hagin quedat demostrats, les despeses relatives a l&#8217;enviament seran assumides per part de l&#8217;usuari. En tot cas el producte haur\u00e0 de ser retornat en el seu embalatge original i en perfecte estat.<\/p>\n\n<p>Com a justificant de la teva devoluci\u00f3, et recomanem que sempre guardis el rebut del missatger com a comprovant de lliurament del teu paquet.<\/p>\n","protected":false},"excerpt":{"rendered":"<p>A. Enviaments 1. Informaci\u00f3 d&#8217;enviament Totes les comandes seran enviades per Correus com a carta o paquet certificat. El fet que sigui certificat assegura que el paquet nom\u00e9s ser\u00e0 lliurat en m\u00e0 i el client sempre disposar\u00e0 d&#8217;un n\u00famero de seguiment on podr\u00e0 anar consultant l&#8217;estat del seu enviament. El temps m\u00e0xim de lliurament seran [&hellip;]<\/p>\n","protected":false},"author":1,"featured_media":0,"parent":0,"menu_order":0,"comment_status":"closed","ping_status":"closed","template":"","meta":{"_et_pb_use_builder":"off","_et_pb_old_content":"","_et_gb_content_width":"","_monsterinsights_skip_tracking":false,"_monsterinsights_sitenote_active":false,"_monsterinsights_sitenote_note":"","_monsterinsights_sitenote_category":0,"footnotes":""},"class_list":["post-816","page","type-page","status-publish","hentry"],"yoast_head":"<!-- This site is optimized with the Yoast SEO plugin v26.5 - https:\/\/yoast.com\/wordpress\/plugins\/seo\/ -->\n<title>Pol\u00edtica d&#039;enviament i devolucions - Fardatxeta Joies<\/title>\n<meta name=\"description\" content=\"Consulta en aquesta p\u00e0gina la nostra pol\u00edtica d&#039;enviament i devolucions per a les nostres joies artesanals de plata fetes a m\u00e0.\" \/>\n<meta name=\"robots\" content=\"index, follow, max-snippet:-1, max-image-preview:large, max-video-preview:-1\" \/>\n<link rel=\"canonical\" href=\"https:\/\/fardatxetajoies.com\/ca\/politica-enviament-i-devolucions\/\" \/>\n<meta property=\"og:locale\" content=\"ca_ES\" \/>\n<meta property=\"og:type\" content=\"article\" \/>\n<meta property=\"og:title\" content=\"Pol\u00edtica d&#039;enviament i devolucions - Fardatxeta Joies\" \/>\n<meta property=\"og:description\" content=\"Consulta en aquesta p\u00e0gina la nostra pol\u00edtica d&#039;enviament i devolucions per a les nostres joies artesanals de plata fetes a m\u00e0.\" \/>\n<meta property=\"og:url\" content=\"https:\/\/fardatxetajoies.com\/ca\/politica-enviament-i-devolucions\/\" \/>\n<meta property=\"og:site_name\" content=\"fardatxetajoies.com\" \/>\n<meta property=\"article:modified_time\" content=\"2025-10-15T11:45:49+00:00\" \/>\n<meta name=\"twitter:card\" content=\"summary_large_image\" \/>\n<meta name=\"twitter:label1\" content=\"Temps estimat de lectura\" \/>\n\t<meta name=\"twitter:data1\" content=\"2 minuts\" \/>\n<script type=\"application\/ld+json\" class=\"yoast-schema-graph\">{\"@context\":\"https:\/\/schema.org\",\"@graph\":[{\"@type\":\"WebPage\",\"@id\":\"https:\/\/fardatxetajoies.com\/ca\/politica-enviament-i-devolucions\/\",\"url\":\"https:\/\/fardatxetajoies.com\/ca\/politica-enviament-i-devolucions\/\",\"name\":\"Pol\u00edtica d'enviament i devolucions - Fardatxeta Joies\",\"isPartOf\":{\"@id\":\"https:\/\/fardatxetajoies.com\/ca\/#website\"},\"datePublished\":\"2021-04-01T10:36:53+00:00\",\"dateModified\":\"2025-10-15T11:45:49+00:00\",\"description\":\"Consulta en aquesta p\u00e0gina la nostra pol\u00edtica d'enviament i devolucions per a les nostres joies artesanals de plata fetes a m\u00e0.\",\"breadcrumb\":{\"@id\":\"https:\/\/fardatxetajoies.com\/ca\/politica-enviament-i-devolucions\/#breadcrumb\"},\"inLanguage\":\"ca\",\"potentialAction\":[{\"@type\":\"ReadAction\",\"target\":[\"https:\/\/fardatxetajoies.com\/ca\/politica-enviament-i-devolucions\/\"]}]},{\"@type\":\"BreadcrumbList\",\"@id\":\"https:\/\/fardatxetajoies.com\/ca\/politica-enviament-i-devolucions\/#breadcrumb\",\"itemListElement\":[{\"@type\":\"ListItem\",\"position\":1,\"name\":\"Portada\",\"item\":\"https:\/\/fardatxetajoies.com\/ca\/\"},{\"@type\":\"ListItem\",\"position\":2,\"name\":\"POL\u00cdTICA D&#8217;ENVIAMENT I DEVOLUCIONS\"}]},{\"@type\":\"WebSite\",\"@id\":\"https:\/\/fardatxetajoies.com\/ca\/#website\",\"url\":\"https:\/\/fardatxetajoies.com\/ca\/\",\"name\":\"fardatxetajoies.com\",\"description\":\"Joyas artesanas con alma\",\"potentialAction\":[{\"@type\":\"SearchAction\",\"target\":{\"@type\":\"EntryPoint\",\"urlTemplate\":\"https:\/\/fardatxetajoies.com\/ca\/?s={search_term_string}\"},\"query-input\":{\"@type\":\"PropertyValueSpecification\",\"valueRequired\":true,\"valueName\":\"search_term_string\"}}],\"inLanguage\":\"ca\"}]}<\/script>\n<!-- \/ Yoast SEO plugin. -->","yoast_head_json":{"title":"Pol\u00edtica d'enviament i devolucions - Fardatxeta Joies","description":"Consulta en aquesta p\u00e0gina la nostra pol\u00edtica d'enviament i devolucions per a les nostres joies artesanals de plata fetes a m\u00e0.","robots":{"index":"index","follow":"follow","max-snippet":"max-snippet:-1","max-image-preview":"max-image-preview:large","max-video-preview":"max-video-preview:-1"},"canonical":"https:\/\/fardatxetajoies.com\/ca\/politica-enviament-i-devolucions\/","og_locale":"ca_ES","og_type":"article","og_title":"Pol\u00edtica d'enviament i devolucions - Fardatxeta Joies","og_description":"Consulta en aquesta p\u00e0gina la nostra pol\u00edtica d'enviament i devolucions per a les nostres joies artesanals de plata fetes a m\u00e0.","og_url":"https:\/\/fardatxetajoies.com\/ca\/politica-enviament-i-devolucions\/","og_site_name":"fardatxetajoies.com","article_modified_time":"2025-10-15T11:45:49+00:00","twitter_card":"summary_large_image","twitter_misc":{"Temps estimat de lectura":"2 minuts"},"schema":{"@context":"https:\/\/schema.org","@graph":[{"@type":"WebPage","@id":"https:\/\/fardatxetajoies.com\/ca\/politica-enviament-i-devolucions\/","url":"https:\/\/fardatxetajoies.com\/ca\/politica-enviament-i-devolucions\/","name":"Pol\u00edtica d'enviament i devolucions - Fardatxeta Joies","isPartOf":{"@id":"https:\/\/fardatxetajoies.com\/ca\/#website"},"datePublished":"2021-04-01T10:36:53+00:00","dateModified":"2025-10-15T11:45:49+00:00","description":"Consulta en aquesta p\u00e0gina la nostra pol\u00edtica d'enviament i devolucions per a les nostres joies artesanals de plata fetes a m\u00e0.","breadcrumb":{"@id":"https:\/\/fardatxetajoies.com\/ca\/politica-enviament-i-devolucions\/#breadcrumb"},"inLanguage":"ca","potentialAction":[{"@type":"ReadAction","target":["https:\/\/fardatxetajoies.com\/ca\/politica-enviament-i-devolucions\/"]}]},{"@type":"BreadcrumbList","@id":"https:\/\/fardatxetajoies.com\/ca\/politica-enviament-i-devolucions\/#breadcrumb","itemListElement":[{"@type":"ListItem","position":1,"name":"Portada","item":"https:\/\/fardatxetajoies.com\/ca\/"},{"@type":"ListItem","position":2,"name":"POL\u00cdTICA D&#8217;ENVIAMENT I DEVOLUCIONS"}]},{"@type":"WebSite","@id":"https:\/\/fardatxetajoies.com\/ca\/#website","url":"https:\/\/fardatxetajoies.com\/ca\/","name":"fardatxetajoies.com","description":"Joyas artesanas con alma","potentialAction":[{"@type":"SearchAction","target":{"@type":"EntryPoint","urlTemplate":"https:\/\/fardatxetajoies.com\/ca\/?s={search_term_string}"},"query-input":{"@type":"PropertyValueSpecification","valueRequired":true,"valueName":"search_term_string"}}],"inLanguage":"ca"}]}},"_links":{"self":[{"href":"https:\/\/fardatxetajoies.com\/ca\/wp-json\/wp\/v2\/pages\/816","targetHints":{"allow":["GET"]}}],"collection":[{"href":"https:\/\/fardatxetajoies.com\/ca\/wp-json\/wp\/v2\/pages"}],"about":[{"href":"https:\/\/fardatxetajoies.com\/ca\/wp-json\/wp\/v2\/types\/page"}],"author":[{"embeddable":true,"href":"https:\/\/fardatxetajoies.com\/ca\/wp-json\/wp\/v2\/users\/1"}],"replies":[{"embeddable":true,"href":"https:\/\/fardatxetajoies.com\/ca\/wp-json\/wp\/v2\/comments?post=816"}],"version-history":[{"count":6,"href":"https:\/\/fardatxetajoies.com\/ca\/wp-json\/wp\/v2\/pages\/816\/revisions"}],"predecessor-version":[{"id":3617,"href":"https:\/\/fardatxetajoies.com\/ca\/wp-json\/wp\/v2\/pages\/816\/revisions\/3617"}],"wp:attachment":[{"href":"https:\/\/fardatxetajoies.com\/ca\/wp-json\/wp\/v2\/media?parent=816"}],"curies":[{"name":"wp","href":"https:\/\/api.w.org\/{rel}","templated":true}]}}