{"id":1062,"date":"2021-04-07T15:02:33","date_gmt":"2021-04-07T15:02:33","guid":{"rendered":"https:\/\/fardatxetajoies.com\/?page_id=1062"},"modified":"2021-05-25T14:42:01","modified_gmt":"2021-05-25T14:42:01","slug":"guia-de-talles","status":"publish","type":"page","link":"https:\/\/fardatxetajoies.com\/ca\/guia-de-talles\/","title":{"rendered":"GU\u00cdA DE TALLAS PELS ANELLS"},"content":{"rendered":"<p>[et_pb_section fb_built=&#8221;1&#8243; _builder_version=&#8221;4.9.2&#8243; _module_preset=&#8221;default&#8221; background_last_edited=&#8221;on|phone&#8221; locked=&#8221;off&#8221;][et_pb_row _builder_version=&#8221;4.9.2&#8243; _module_preset=&#8221;default&#8221;][et_pb_column type=&#8221;4_4&#8243; _builder_version=&#8221;4.9.2&#8243; _module_preset=&#8221;default&#8221;][et_pb_text _builder_version=&#8221;4.9.2&#8243; _module_preset=&#8221;default&#8221;]<\/p>\n<h1>GU\u00cdA DE TALLES PELS ANELLS<\/h1>\n<p>[\/et_pb_text][\/et_pb_column][\/et_pb_row][\/et_pb_section][et_pb_section fb_built=&#8221;1&#8243; admin_label=&#8221;section&#8221; _builder_version=&#8221;3.22&#8243; custom_padding=&#8221;0px||0px|||&#8221;][et_pb_row admin_label=&#8221;row&#8221; _builder_version=&#8221;3.25&#8243; background_size=&#8221;initial&#8221; background_position=&#8221;top_left&#8221; background_repeat=&#8221;repeat&#8221;][et_pb_column type=&#8221;4_4&#8243; _builder_version=&#8221;3.25&#8243; custom_padding=&#8221;|||&#8221; custom_padding__hover=&#8221;|||&#8221;][et_pb_text admin_label=&#8221;Text&#8221; _builder_version=&#8221;4.9.2&#8243; background_size=&#8221;initial&#8221; background_position=&#8221;top_left&#8221; background_repeat=&#8221;repeat&#8221;]<!-- divi:paragraph --><\/p>\n<p>Per saber la talla d\u2019anell que necessites busca un anell que tinguis i que sigui de la mida que vols. Medeix el di\u00e0metre interior del teu anell de la manera m\u00e9s precisa possible i sempre en mil\u00b7l\u00edmetres. Pots medir-lo amb un peu de rei o si no en tens tamb\u00e9 et pot servir un regle. <\/p>\n<p><!-- \/divi:paragraph --><\/p>\n<p><!-- divi:paragraph --><\/p>\n<p>Fixa\u2019t b\u00e9 com fer-ho a les imatges d\u2019aqu\u00ed baix.<\/p>\n<p><!-- \/divi:paragraph --><\/p>\n<p><!-- divi:paragraph --><\/p>\n<p>Si tens dubtes entre dues talles escolleix sempre la m\u00e9s gran. Tots els anells que trobar\u00e0s a la meva botiga online s\u00f3n oberts aix\u00ed que sempre podr\u00e0s ajustar-lo una mica si ho necessites.<\/p>\n<p><!-- \/divi:paragraph -->[\/et_pb_text][\/et_pb_column][\/et_pb_row][\/et_pb_section][et_pb_section fb_built=&#8221;1&#8243; _builder_version=&#8221;4.9.2&#8243; _module_preset=&#8221;default&#8221; custom_padding=&#8221;0px|||||&#8221;][et_pb_row column_structure=&#8221;1_2,1_2&#8243; _builder_version=&#8221;4.9.2&#8243; _module_preset=&#8221;default&#8221;][et_pb_column type=&#8221;1_2&#8243; _builder_version=&#8221;4.9.2&#8243; _module_preset=&#8221;default&#8221;][et_pb_image src=&#8221;https:\/\/fardatxetajoies.com\/wp-content\/uploads\/2021\/05\/talla-anillos_pie-de-rey.jpeg&#8221; _builder_version=&#8221;4.9.2&#8243; _module_preset=&#8221;default&#8221;][\/et_pb_image][\/et_pb_column][et_pb_column type=&#8221;1_2&#8243; _builder_version=&#8221;4.9.2&#8243; _module_preset=&#8221;default&#8221;][et_pb_text _builder_version=&#8221;4.9.2&#8243; _module_preset=&#8221;default&#8221; custom_margin=&#8221;253px||||false|false&#8221; custom_margin_tablet=&#8221;&#8221; custom_margin_phone=&#8221;0px||||false|false&#8221; custom_margin_last_edited=&#8221;on|phone&#8221;]<\/p>\n<p>Fixa\u2019t b\u00e9 on has de col\u00b7locar el teu anell per medir b\u00e9 el seu di\u00e0metre interior. Sempre per la part m\u00e9s superior del peu de rei.<\/p>\n<p>[\/et_pb_text][\/et_pb_column][\/et_pb_row][\/et_pb_section][et_pb_section fb_built=&#8221;1&#8243; _builder_version=&#8221;4.9.2&#8243; _module_preset=&#8221;default&#8221; custom_padding=&#8221;0px|||||&#8221;][et_pb_row column_structure=&#8221;1_2,1_2&#8243; _builder_version=&#8221;4.9.2&#8243; _module_preset=&#8221;default&#8221;][et_pb_column type=&#8221;1_2&#8243; _builder_version=&#8221;4.9.2&#8243; _module_preset=&#8221;default&#8221;][et_pb_image src=&#8221;https:\/\/fardatxetajoies.com\/wp-content\/uploads\/2021\/05\/talla-anillos_regla.jpeg&#8221; alt=&#8221;joyas artesanales de plata&#8221; _builder_version=&#8221;4.9.2&#8243; _module_preset=&#8221;default&#8221;][\/et_pb_image][\/et_pb_column][et_pb_column type=&#8221;1_2&#8243; _builder_version=&#8221;4.9.2&#8243; _module_preset=&#8221;default&#8221;][et_pb_text _builder_version=&#8221;4.9.2&#8243; _module_preset=&#8221;default&#8221; custom_margin=&#8221;253px||||false|false&#8221; custom_margin_tablet=&#8221;&#8221; custom_margin_phone=&#8221;0px||||false|false&#8221; custom_margin_last_edited=&#8221;on|phone&#8221;]<\/p>\n<p>Procura situar el regle a la meitat del teu anell i fes co\u00efncidir la ratlleta del 0 just tocant una de les parets interiors d\u2019aquest.<\/p>\n<p>[\/et_pb_text][\/et_pb_column][\/et_pb_row][\/et_pb_section][et_pb_section fb_built=&#8221;1&#8243; _builder_version=&#8221;4.9.2&#8243; _module_preset=&#8221;default&#8221;][et_pb_row _builder_version=&#8221;4.9.2&#8243; _module_preset=&#8221;default&#8221;][et_pb_column type=&#8221;4_4&#8243; _builder_version=&#8221;4.9.2&#8243; _module_preset=&#8221;default&#8221;][et_pb_text admin_label=&#8221;Text&#8221; _builder_version=&#8221;4.9.2&#8243; background_size=&#8221;initial&#8221; background_position=&#8221;top_left&#8221; background_repeat=&#8221;repeat&#8221; hover_enabled=&#8221;0&#8243; sticky_enabled=&#8221;0&#8243;]<\/p>\n<p>Si et fixes en tots dos casos el di\u00e0metre interior d\u2019aquest anell \u00e9s 17mm. Aix\u00ed que segons la taula de conversi\u00f3 que et deixo m\u00e9s a baix la talla d\u2019aquest anell seria 14.<\/p>\n<p><strong>continuaci\u00f3 et deixo la taula de conversi\u00f3 entre la mida en mil\u00b7l\u00edmetres del di\u00e0metre interior del teu anell i el n\u00famero de talla que haur\u00e0s d\u2019indicar quan compris un anell.<\/strong><\/p>\n<p><!-- \/divi:paragraph -->\u00a0<\/p>\n<p><!-- divi:paragraph -->Aquest n\u00famero est\u00e0 relacionat amb les eines per mesurar anells que tinc al meu taller. Pot ser que si compres a una altra botiga no coincideixi el n\u00famero de talla ja que a altres pa\u00efsos utilitzen unes altres equivalencies per aix\u00f2 \u00e9s important que et gui\u00efs per la mesura en mil\u00b7l\u00edmetres del di\u00e0metre interior del teu anell.<\/p>\n<p>Si un cop medit el di\u00e0metre interior del teu anell no s\u2019ajusta a cap de les mesures de la taula, ja sigui perqu\u00e9 necessites una talla inferior a la 10 o superior a la 20, <a href=\"https:\/\/fardatxetajoies.com\/ca\/on-trobar-me\/\"><strong>posa\u2019t en contacte amb mi.<\/strong><\/a><\/p>\n<p>&nbsp;<\/p>\n<p><!-- \/divi:paragraph --> <!-- divi:table --><\/p>\n<figure class=\"wp-block-table\">\n<table>\n<tbody>\n<tr>\n<td>Talla<\/td>\n<td>Di\u00e0metre interior (mm)<\/td>\n<\/tr>\n<tr>\n<td>N\u00ba 10<\/td>\n<td>16<\/td>\n<\/tr>\n<tr>\n<td>N\u00ba11<\/td>\n<td>16.3<\/td>\n<\/tr>\n<tr>\n<td>N\u00ba12<\/td>\n<td>16.5<\/td>\n<\/tr>\n<tr>\n<td>N\u00ba13<\/td>\n<td>16.9<\/td>\n<\/tr>\n<tr>\n<td>N\u00ba14<\/td>\n<td>17.3<\/td>\n<\/tr>\n<tr>\n<td>N\u00ba15<\/td>\n<td>17.5<\/td>\n<\/tr>\n<tr>\n<td>N\u00ba16<\/td>\n<td>17.9<\/td>\n<\/tr>\n<tr>\n<td>N\u00ba17<\/td>\n<td>18<\/td>\n<\/tr>\n<tr>\n<td>N\u00ba18<\/td>\n<td>18.5<\/td>\n<\/tr>\n<tr>\n<td>N\u00ba19<\/td>\n<td>18.8<\/td>\n<\/tr>\n<tr>\n<td>N\u00ba20<\/td>\n<td>19.2<\/td>\n<\/tr>\n<\/tbody>\n<\/table>\n<\/figure>\n<p>&nbsp;<\/p>\n<p><!-- \/divi:table --><\/p>\n<p>[\/et_pb_text][\/et_pb_column][\/et_pb_row][\/et_pb_section]<\/p>\n","protected":false},"excerpt":{"rendered":"<p>GU\u00cdA DE TALLES PELS ANELLS Per saber la talla d\u2019anell que necessites busca un anell que tinguis i que sigui de la mida que vols. Medeix el di\u00e0metre interior del teu anell de la manera m\u00e9s precisa possible i sempre en mil\u00b7l\u00edmetres. Pots medir-lo amb un peu de rei o si no en tens tamb\u00e9 [&hellip;]<\/p>\n","protected":false},"author":1,"featured_media":0,"parent":0,"menu_order":0,"comment_status":"closed","ping_status":"closed","template":"","meta":{"_et_pb_use_builder":"on","_et_pb_old_content":"<!-- wp:paragraph -->\n<p>Para saber qu\u00e9 talla de anillo necesitas busca un anillo que ya tengas y que sea de tu medida. Mide el di\u00e1metro interior de tu anillo de la manera m\u00e1s precisa posible y siempre en mil\u00edmetros. Puedes medirlo con la ayuda de un pie de rey o si no dispones de esta herramienta puedes usar tambi\u00e9n una regla.<\/p>\n<!-- \/wp:paragraph -->\n\n<!-- wp:paragraph -->\n<p>F\u00edjate bien como hacerlo en la imagen adjunta.<\/p>\n<!-- \/wp:paragraph -->\n\n<!-- wp:paragraph -->\n<p>Si tienes dudas entre dos tallas escoge siempre la talla m\u00e1s grande. Ten en cuenta que todos los anillos que encuentras en mi tienda online son abiertos as\u00ed que siempre vas a poder ajustarlo un poco.<\/p>\n<!-- \/wp:paragraph -->\n\n<!-- wp:paragraph -->\n<p><strong>A continuaci\u00f3n te dejo la tabla de conversi\u00f3n entre la medida en mil\u00edmetros del di\u00e1metro interior de tu anillo y el n\u00famero de talla que deber\u00e1s indicar cuando compres un anillo.<\/strong><\/p>\n<!-- \/wp:paragraph -->\n\n<!-- wp:paragraph -->\n<p>Este n\u00famero est\u00e1 relacionado con las herramientas medidoras de anillos que tengo en mi taller. Es posible que si compras en otra tienda no coincida este n\u00famero ya que en otros pa\u00edses usan otra equivalencia por eso es importante que te gu\u00edes por la medida en mil\u00edmetros del di\u00e1metro interior de tu anillo.<\/p>\n<!-- \/wp:paragraph -->\n\n<!-- wp:table -->\n<figure class=\"wp-block-table\"><table><tbody><tr><td>Talla<\/td><td>Medida di\u00e1metro interior (mm)<\/td><\/tr><tr><td>N\u00ba 10<\/td><td>16<\/td><\/tr><tr><td>N\u00ba11<\/td><td>16.3<\/td><\/tr><tr><td>N\u00ba12<\/td><td>16.5<\/td><\/tr><tr><td>N\u00ba13<\/td><td>16.9<\/td><\/tr><tr><td>N\u00ba14<\/td><td>17.3<\/td><\/tr><tr><td>N\u00ba15<\/td><td>17.5<\/td><\/tr><tr><td>N\u00ba16<\/td><td>17.9<\/td><\/tr><tr><td>N\u00ba17<\/td><td>18<\/td><\/tr><tr><td>N\u00ba18<\/td><td>18.5<\/td><\/tr><tr><td>N\u00ba19<\/td><td>18.8<\/td><\/tr><tr><td>N\u00ba20<\/td><td>19.2<\/td><\/tr><\/tbody><\/table><\/figure>\n<!-- \/wp:table -->","_et_gb_content_width":"","_monsterinsights_skip_tracking":false,"_monsterinsights_sitenote_active":false,"_monsterinsights_sitenote_note":"","_monsterinsights_sitenote_category":0,"footnotes":""},"class_list":["post-1062","page","type-page","status-publish","hentry"],"yoast_head":"<!-- This site is optimized with the Yoast SEO plugin v26.5 - https:\/\/yoast.com\/wordpress\/plugins\/seo\/ -->\n<title>Guia de talles pels anells - Fardatxeta Joies, joies artesanals Lanzarote<\/title>\n<meta name=\"description\" content=\"Utilitza aquesta guia per saber quin \u00e9s el teu talla d&#039;anell perfecta abans de triar el teu anell Fardatxeta Joies, joies de plata artesanals.\" \/>\n<meta name=\"robots\" content=\"index, follow, max-snippet:-1, max-image-preview:large, max-video-preview:-1\" \/>\n<link rel=\"canonical\" href=\"https:\/\/fardatxetajoies.com\/ca\/guia-de-talles\/\" \/>\n<meta property=\"og:locale\" content=\"ca_ES\" \/>\n<meta property=\"og:type\" content=\"article\" \/>\n<meta property=\"og:title\" content=\"Guia de talles pels anells - Fardatxeta Joies, joies artesanals Lanzarote\" \/>\n<meta property=\"og:description\" content=\"Utilitza aquesta guia per saber quin \u00e9s el teu talla d&#039;anell perfecta abans de triar el teu anell Fardatxeta Joies, joies de plata artesanals.\" \/>\n<meta property=\"og:url\" content=\"https:\/\/fardatxetajoies.com\/ca\/guia-de-talles\/\" \/>\n<meta property=\"og:site_name\" content=\"fardatxetajoies.com\" \/>\n<meta property=\"article:modified_time\" content=\"2021-05-25T14:42:01+00:00\" \/>\n<meta name=\"twitter:card\" content=\"summary_large_image\" \/>\n<meta name=\"twitter:label1\" content=\"Temps estimat de lectura\" \/>\n\t<meta name=\"twitter:data1\" content=\"2 minuts\" \/>\n<script type=\"application\/ld+json\" class=\"yoast-schema-graph\">{\"@context\":\"https:\/\/schema.org\",\"@graph\":[{\"@type\":\"WebPage\",\"@id\":\"https:\/\/fardatxetajoies.com\/ca\/guia-de-talles\/\",\"url\":\"https:\/\/fardatxetajoies.com\/ca\/guia-de-talles\/\",\"name\":\"Guia de talles pels anells - Fardatxeta Joies, joies artesanals Lanzarote\",\"isPartOf\":{\"@id\":\"https:\/\/fardatxetajoies.com\/ca\/#website\"},\"datePublished\":\"2021-04-07T15:02:33+00:00\",\"dateModified\":\"2021-05-25T14:42:01+00:00\",\"description\":\"Utilitza aquesta guia per saber quin \u00e9s el teu talla d'anell perfecta abans de triar el teu anell Fardatxeta Joies, joies de plata artesanals.\",\"breadcrumb\":{\"@id\":\"https:\/\/fardatxetajoies.com\/ca\/guia-de-talles\/#breadcrumb\"},\"inLanguage\":\"ca\",\"potentialAction\":[{\"@type\":\"ReadAction\",\"target\":[\"https:\/\/fardatxetajoies.com\/ca\/guia-de-talles\/\"]}]},{\"@type\":\"BreadcrumbList\",\"@id\":\"https:\/\/fardatxetajoies.com\/ca\/guia-de-talles\/#breadcrumb\",\"itemListElement\":[{\"@type\":\"ListItem\",\"position\":1,\"name\":\"Portada\",\"item\":\"https:\/\/fardatxetajoies.com\/ca\/\"},{\"@type\":\"ListItem\",\"position\":2,\"name\":\"GU\u00cdA DE TALLAS PELS ANELLS\"}]},{\"@type\":\"WebSite\",\"@id\":\"https:\/\/fardatxetajoies.com\/ca\/#website\",\"url\":\"https:\/\/fardatxetajoies.com\/ca\/\",\"name\":\"fardatxetajoies.com\",\"description\":\"Joyas artesanas con alma\",\"potentialAction\":[{\"@type\":\"SearchAction\",\"target\":{\"@type\":\"EntryPoint\",\"urlTemplate\":\"https:\/\/fardatxetajoies.com\/ca\/?s={search_term_string}\"},\"query-input\":{\"@type\":\"PropertyValueSpecification\",\"valueRequired\":true,\"valueName\":\"search_term_string\"}}],\"inLanguage\":\"ca\"}]}<\/script>\n<!-- \/ Yoast SEO plugin. -->","yoast_head_json":{"title":"Guia de talles pels anells - Fardatxeta Joies, joies artesanals Lanzarote","description":"Utilitza aquesta guia per saber quin \u00e9s el teu talla d'anell perfecta abans de triar el teu anell Fardatxeta Joies, joies de plata artesanals.","robots":{"index":"index","follow":"follow","max-snippet":"max-snippet:-1","max-image-preview":"max-image-preview:large","max-video-preview":"max-video-preview:-1"},"canonical":"https:\/\/fardatxetajoies.com\/ca\/guia-de-talles\/","og_locale":"ca_ES","og_type":"article","og_title":"Guia de talles pels anells - Fardatxeta Joies, joies artesanals Lanzarote","og_description":"Utilitza aquesta guia per saber quin \u00e9s el teu talla d'anell perfecta abans de triar el teu anell Fardatxeta Joies, joies de plata artesanals.","og_url":"https:\/\/fardatxetajoies.com\/ca\/guia-de-talles\/","og_site_name":"fardatxetajoies.com","article_modified_time":"2021-05-25T14:42:01+00:00","twitter_card":"summary_large_image","twitter_misc":{"Temps estimat de lectura":"2 minuts"},"schema":{"@context":"https:\/\/schema.org","@graph":[{"@type":"WebPage","@id":"https:\/\/fardatxetajoies.com\/ca\/guia-de-talles\/","url":"https:\/\/fardatxetajoies.com\/ca\/guia-de-talles\/","name":"Guia de talles pels anells - Fardatxeta Joies, joies artesanals Lanzarote","isPartOf":{"@id":"https:\/\/fardatxetajoies.com\/ca\/#website"},"datePublished":"2021-04-07T15:02:33+00:00","dateModified":"2021-05-25T14:42:01+00:00","description":"Utilitza aquesta guia per saber quin \u00e9s el teu talla d'anell perfecta abans de triar el teu anell Fardatxeta Joies, joies de plata artesanals.","breadcrumb":{"@id":"https:\/\/fardatxetajoies.com\/ca\/guia-de-talles\/#breadcrumb"},"inLanguage":"ca","potentialAction":[{"@type":"ReadAction","target":["https:\/\/fardatxetajoies.com\/ca\/guia-de-talles\/"]}]},{"@type":"BreadcrumbList","@id":"https:\/\/fardatxetajoies.com\/ca\/guia-de-talles\/#breadcrumb","itemListElement":[{"@type":"ListItem","position":1,"name":"Portada","item":"https:\/\/fardatxetajoies.com\/ca\/"},{"@type":"ListItem","position":2,"name":"GU\u00cdA DE TALLAS PELS ANELLS"}]},{"@type":"WebSite","@id":"https:\/\/fardatxetajoies.com\/ca\/#website","url":"https:\/\/fardatxetajoies.com\/ca\/","name":"fardatxetajoies.com","description":"Joyas artesanas con alma","potentialAction":[{"@type":"SearchAction","target":{"@type":"EntryPoint","urlTemplate":"https:\/\/fardatxetajoies.com\/ca\/?s={search_term_string}"},"query-input":{"@type":"PropertyValueSpecification","valueRequired":true,"valueName":"search_term_string"}}],"inLanguage":"ca"}]}},"_links":{"self":[{"href":"https:\/\/fardatxetajoies.com\/ca\/wp-json\/wp\/v2\/pages\/1062","targetHints":{"allow":["GET"]}}],"collection":[{"href":"https:\/\/fardatxetajoies.com\/ca\/wp-json\/wp\/v2\/pages"}],"about":[{"href":"https:\/\/fardatxetajoies.com\/ca\/wp-json\/wp\/v2\/types\/page"}],"author":[{"embeddable":true,"href":"https:\/\/fardatxetajoies.com\/ca\/wp-json\/wp\/v2\/users\/1"}],"replies":[{"embeddable":true,"href":"https:\/\/fardatxetajoies.com\/ca\/wp-json\/wp\/v2\/comments?post=1062"}],"version-history":[{"count":11,"href":"https:\/\/fardatxetajoies.com\/ca\/wp-json\/wp\/v2\/pages\/1062\/revisions"}],"predecessor-version":[{"id":2989,"href":"https:\/\/fardatxetajoies.com\/ca\/wp-json\/wp\/v2\/pages\/1062\/revisions\/2989"}],"wp:attachment":[{"href":"https:\/\/fardatxetajoies.com\/ca\/wp-json\/wp\/v2\/media?parent=1062"}],"curies":[{"name":"wp","href":"https:\/\/api.w.org\/{rel}","templated":true}]}}